{"id":2141,"date":"2021-08-04T12:42:35","date_gmt":"2021-08-04T12:42:35","guid":{"rendered":"https:\/\/novotel.accorv2prod.decms.eu\/?page_id=2141"},"modified":"2022-07-25T14:14:50","modified_gmt":"2022-07-25T14:14:50","slug":"phong-tieu-chuan","status":"publish","type":"page","link":"https:\/\/novotel.accorv2prod.decms.eu\/vi\/rooms-suites\/phong-tieu-chuan\/","title":{"rendered":"Ph\u00f2ng ti\u00eau chu\u1ea9n"},"content":{"rendered":"<p>C\u00e1c ph\u00f2ng ngh\u1ec9 trang nh\u00e3 v\u00e0 d\u00e3y ph\u00f2ng sang tr\u1ecdng g\u1ee3i nh\u1eafc l\u1ea1i nh\u1eefng th\u00e1ng ng\u00e0y \u0111\u00e3 qua v\u1edbi thi\u1ebft k\u1ebf tinh t\u1ebf v\u00e0 \u0111\u1ea7y phong c\u00e1ch s\u1ebd cho qu\u00fd kh\u00e1ch c\u1ea3m gi\u00e1c tho\u1ea3i m\u00e1i nh\u01b0 \u0111ang \u1edf nh\u00e0. T\u1ea1i kh\u00e1ch s\u1ea1n H\u00f4tel des Arts Saigon, t\u1ea5t c\u1ea3 168 ph\u00f2ng ngh\u1ec9 \u0111\u1ec1u l\u00e0 ph\u00f2ng kh\u00f4ng h\u00fat thu\u1ed1c gi\u00fap \u0111\u1ea3m b\u1ea3o s\u1ef1 tho\u1ea3i m\u00e1i t\u1ed1i \u01b0u cho kh\u00e1ch ngh\u1ec9 d\u01b0\u1ee1ng t\u1ea1i \u0111\u00e2y.<\/p>\n<p>Vui l\u00f2ng th\u00f4ng b\u00e1o tr\u01b0\u1edbc v\u1edbi kh\u00e1ch s\u1ea1n t\u1ea1i th\u1eddi \u0111i\u1ec3m \u0111\u1eb7t ph\u00f2ng n\u1ebfu Qu\u00fd Kh\u00e1ch c\u00f3 nhu c\u1ea7u ch\u1ee5p \u1ea3nh quay phim th\u1eddi trang, hay v\u1edbi m\u1ee5c \u0111\u00edch th\u01b0\u01a1ng m\u1ea1i kh\u00e1c trong th\u1eddi gian l\u01b0u tr\u00fa t\u1ea1i kh\u00e1ch s\u1ea1n. Kh\u00e1ch s\u1ea1n c\u00f3 quy\u1ec1n t\u1eeb ch\u1ed1i nh\u1eadn ph\u00f2ng ho\u1eb7c s\u1ebd t\u00ednh th\u00eam chi ph\u00ed \u0111\u1ed1i v\u1edbi c\u00e1c tr\u01b0\u1eddng h\u1ee3p quay phim ch\u1ee5p \u1ea3nh kh\u00f4ng b\u00e1o tr\u01b0\u1edbc t\u1ea1i kh\u00e1ch s\u1ea1n trong th\u1eddi gian l\u01b0u tr\u00fa. Vui l\u00f2ng nh\u1ea5n v\u00e0o \u0111\u00e2y \u0111\u1ec3 xem chi ph\u00ed quay phim ch\u1ee5p \u1ea3nh trong kh\u00e1ch s\u1ea1n.<\/p>\n","protected":false},"excerpt":{"rendered":"<p>C\u00e1c ph\u00f2ng ngh\u1ec9 trang nh\u00e3 v\u00e0 d\u00e3y ph\u00f2ng sang tr\u1ecdng g\u1ee3i nh\u1eafc l\u1ea1i nh\u1eefng th\u00e1ng ng\u00e0y \u0111\u00e3 qua v\u1edbi thi\u1ebft k\u1ebf tinh t\u1ebf v\u00e0 \u0111\u1ea7y phong c\u00e1ch s\u1ebd cho qu\u00fd kh\u00e1ch c\u1ea3m gi\u00e1c tho\u1ea3i m\u00e1i nh\u01b0 \u0111ang \u1edf nh\u00e0. T\u1ea1i kh\u00e1ch s\u1ea1n H\u00f4tel des Arts Saigon, t\u1ea5t c\u1ea3 168 ph\u00f2ng ngh\u1ec9 \u0111\u1ec1u l\u00e0 ph\u00f2ng kh\u00f4ng [&hellip;]<\/p>\n","protected":false},"author":4,"featured_media":2123,"parent":924,"menu_order":100,"comment_status":"closed","ping_status":"closed","template":"template-room.php","meta":{"footnotes":""},"categories":[260],"class_list":["post-2141","page","type-page","status-publish","has-post-thumbnail","hentry","category-phong"],"acf":[],"yoast_head":"<!-- This site is optimized with the Yoast SEO plugin v26.9 - https:\/\/yoast.com\/product\/yoast-seo-wordpress\/ -->\n<title>Ph\u00f2ng ti\u00eau chu\u1ea9n - Novotel V2 demo site<\/title>\n<meta name=\"robots\" content=\"noindex, follow, max-snippet:-1, max-image-preview:large, max-video-preview:-1\" \/>\n<meta property=\"og:locale\" content=\"vi_VN\" \/>\n<meta property=\"og:type\" content=\"article\" \/>\n<meta property=\"og:title\" content=\"Ph\u00f2ng ti\u00eau chu\u1ea9n - Novotel V2 demo site\" \/>\n<meta property=\"og:description\" content=\"C\u00e1c ph\u00f2ng ngh\u1ec9 trang nh\u00e3 v\u00e0 d\u00e3y ph\u00f2ng sang tr\u1ecdng g\u1ee3i nh\u1eafc l\u1ea1i nh\u1eefng th\u00e1ng ng\u00e0y \u0111\u00e3 qua v\u1edbi thi\u1ebft k\u1ebf tinh t\u1ebf v\u00e0 \u0111\u1ea7y phong c\u00e1ch s\u1ebd cho qu\u00fd kh\u00e1ch c\u1ea3m gi\u00e1c tho\u1ea3i m\u00e1i nh\u01b0 \u0111ang \u1edf nh\u00e0. T\u1ea1i kh\u00e1ch s\u1ea1n H\u00f4tel des Arts Saigon, t\u1ea5t c\u1ea3 168 ph\u00f2ng ngh\u1ec9 \u0111\u1ec1u l\u00e0 ph\u00f2ng kh\u00f4ng [&hellip;]\" \/>\n<meta property=\"og:url\" content=\"https:\/\/novotel.accorv2prod.decms.eu\/vi\/rooms-suites\/phong-tieu-chuan\/\" \/>\n<meta property=\"og:site_name\" content=\"Novotel V2 demo site\" \/>\n<meta property=\"article:modified_time\" content=\"2022-07-25T14:14:50+00:00\" \/>\n<meta property=\"og:image\" content=\"https:\/\/novotel.accorv2prod.decms.eu\/wp-content\/uploads\/sites\/20\/2021\/08\/room_standard.jpg\" \/>\n\t<meta property=\"og:image:width\" content=\"2200\" \/>\n\t<meta property=\"og:image:height\" content=\"1200\" \/>\n\t<meta property=\"og:image:type\" content=\"image\/jpeg\" \/>\n<meta name=\"twitter:card\" content=\"summary_large_image\" \/>\n<meta name=\"twitter:label1\" content=\"Est. reading time\" \/>\n\t<meta name=\"twitter:data1\" content=\"1 minute\" \/>\n<script type=\"application\/ld+json\" class=\"yoast-schema-graph\">{\"@context\":\"https:\/\/schema.org\",\"@graph\":[{\"@type\":\"WebPage\",\"@id\":\"https:\/\/novotel.accorv2prod.decms.eu\/vi\/rooms-suites\/phong-tieu-chuan\/\",\"url\":\"https:\/\/novotel.accorv2prod.decms.eu\/vi\/rooms-suites\/phong-tieu-chuan\/\",\"name\":\"Ph\u00f2ng ti\u00eau chu\u1ea9n - Novotel V2 demo site\",\"isPartOf\":{\"@id\":\"https:\/\/novotel.accorv2prod.decms.eu\/#website\"},\"primaryImageOfPage\":{\"@id\":\"https:\/\/novotel.accorv2prod.decms.eu\/vi\/rooms-suites\/phong-tieu-chuan\/#primaryimage\"},\"image\":{\"@id\":\"https:\/\/novotel.accorv2prod.decms.eu\/vi\/rooms-suites\/phong-tieu-chuan\/#primaryimage\"},\"thumbnailUrl\":\"https:\/\/novotel.accorv2prod.decms.eu\/wp-content\/uploads\/sites\/20\/2021\/08\/room_standard.jpg\",\"datePublished\":\"2021-08-04T12:42:35+00:00\",\"dateModified\":\"2022-07-25T14:14:50+00:00\",\"breadcrumb\":{\"@id\":\"https:\/\/novotel.accorv2prod.decms.eu\/vi\/rooms-suites\/phong-tieu-chuan\/#breadcrumb\"},\"inLanguage\":\"vi-VN\",\"potentialAction\":[{\"@type\":\"ReadAction\",\"target\":[\"https:\/\/novotel.accorv2prod.decms.eu\/vi\/rooms-suites\/phong-tieu-chuan\/\"]}]},{\"@type\":\"ImageObject\",\"inLanguage\":\"vi-VN\",\"@id\":\"https:\/\/novotel.accorv2prod.decms.eu\/vi\/rooms-suites\/phong-tieu-chuan\/#primaryimage\",\"url\":\"https:\/\/novotel.accorv2prod.decms.eu\/wp-content\/uploads\/sites\/20\/2021\/08\/room_standard.jpg\",\"contentUrl\":\"https:\/\/novotel.accorv2prod.decms.eu\/wp-content\/uploads\/sites\/20\/2021\/08\/room_standard.jpg\",\"width\":2200,\"height\":1200},{\"@type\":\"BreadcrumbList\",\"@id\":\"https:\/\/novotel.accorv2prod.decms.eu\/vi\/rooms-suites\/phong-tieu-chuan\/#breadcrumb\",\"itemListElement\":[{\"@type\":\"ListItem\",\"position\":1,\"name\":\"Home\",\"item\":\"https:\/\/novotel.accorv2prod.decms.eu\/vi\/home\/\"},{\"@type\":\"ListItem\",\"position\":2,\"name\":\"Ph\u00f2ng &#038; Suite\",\"item\":\"https:\/\/novotel.accorv2prod.decms.eu\/vi\/rooms-suites\/\"},{\"@type\":\"ListItem\",\"position\":3,\"name\":\"Ph\u00f2ng ti\u00eau chu\u1ea9n\"}]},{\"@type\":\"WebSite\",\"@id\":\"https:\/\/novotel.accorv2prod.decms.eu\/#website\",\"url\":\"https:\/\/novotel.accorv2prod.decms.eu\/\",\"name\":\"Novotel V2 demo site\",\"description\":\"Just another Matteo Canever Site Sites site\",\"potentialAction\":[{\"@type\":\"SearchAction\",\"target\":{\"@type\":\"EntryPoint\",\"urlTemplate\":\"https:\/\/novotel.accorv2prod.decms.eu\/?s={search_term_string}\"},\"query-input\":{\"@type\":\"PropertyValueSpecification\",\"valueRequired\":true,\"valueName\":\"search_term_string\"}}],\"inLanguage\":\"vi-VN\"}]}<\/script>\n<!-- \/ Yoast SEO plugin. -->","yoast_head_json":{"title":"Ph\u00f2ng ti\u00eau chu\u1ea9n - Novotel V2 demo site","robots":{"index":"noindex","follow":"follow","max-snippet":"max-snippet:-1","max-image-preview":"max-image-preview:large","max-video-preview":"max-video-preview:-1"},"og_locale":"vi_VN","og_type":"article","og_title":"Ph\u00f2ng ti\u00eau chu\u1ea9n - Novotel V2 demo site","og_description":"C\u00e1c ph\u00f2ng ngh\u1ec9 trang nh\u00e3 v\u00e0 d\u00e3y ph\u00f2ng sang tr\u1ecdng g\u1ee3i nh\u1eafc l\u1ea1i nh\u1eefng th\u00e1ng ng\u00e0y \u0111\u00e3 qua v\u1edbi thi\u1ebft k\u1ebf tinh t\u1ebf v\u00e0 \u0111\u1ea7y phong c\u00e1ch s\u1ebd cho qu\u00fd kh\u00e1ch c\u1ea3m gi\u00e1c tho\u1ea3i m\u00e1i nh\u01b0 \u0111ang \u1edf nh\u00e0. T\u1ea1i kh\u00e1ch s\u1ea1n H\u00f4tel des Arts Saigon, t\u1ea5t c\u1ea3 168 ph\u00f2ng ngh\u1ec9 \u0111\u1ec1u l\u00e0 ph\u00f2ng kh\u00f4ng [&hellip;]","og_url":"https:\/\/novotel.accorv2prod.decms.eu\/vi\/rooms-suites\/phong-tieu-chuan\/","og_site_name":"Novotel V2 demo site","article_modified_time":"2022-07-25T14:14:50+00:00","og_image":[{"width":2200,"height":1200,"url":"https:\/\/novotel.accorv2prod.decms.eu\/wp-content\/uploads\/sites\/20\/2021\/08\/room_standard.jpg","type":"image\/jpeg"}],"twitter_card":"summary_large_image","twitter_misc":{"Est. reading time":"1 minute"},"schema":{"@context":"https:\/\/schema.org","@graph":[{"@type":"WebPage","@id":"https:\/\/novotel.accorv2prod.decms.eu\/vi\/rooms-suites\/phong-tieu-chuan\/","url":"https:\/\/novotel.accorv2prod.decms.eu\/vi\/rooms-suites\/phong-tieu-chuan\/","name":"Ph\u00f2ng ti\u00eau chu\u1ea9n - Novotel V2 demo site","isPartOf":{"@id":"https:\/\/novotel.accorv2prod.decms.eu\/#website"},"primaryImageOfPage":{"@id":"https:\/\/novotel.accorv2prod.decms.eu\/vi\/rooms-suites\/phong-tieu-chuan\/#primaryimage"},"image":{"@id":"https:\/\/novotel.accorv2prod.decms.eu\/vi\/rooms-suites\/phong-tieu-chuan\/#primaryimage"},"thumbnailUrl":"https:\/\/novotel.accorv2prod.decms.eu\/wp-content\/uploads\/sites\/20\/2021\/08\/room_standard.jpg","datePublished":"2021-08-04T12:42:35+00:00","dateModified":"2022-07-25T14:14:50+00:00","breadcrumb":{"@id":"https:\/\/novotel.accorv2prod.decms.eu\/vi\/rooms-suites\/phong-tieu-chuan\/#breadcrumb"},"inLanguage":"vi-VN","potentialAction":[{"@type":"ReadAction","target":["https:\/\/novotel.accorv2prod.decms.eu\/vi\/rooms-suites\/phong-tieu-chuan\/"]}]},{"@type":"ImageObject","inLanguage":"vi-VN","@id":"https:\/\/novotel.accorv2prod.decms.eu\/vi\/rooms-suites\/phong-tieu-chuan\/#primaryimage","url":"https:\/\/novotel.accorv2prod.decms.eu\/wp-content\/uploads\/sites\/20\/2021\/08\/room_standard.jpg","contentUrl":"https:\/\/novotel.accorv2prod.decms.eu\/wp-content\/uploads\/sites\/20\/2021\/08\/room_standard.jpg","width":2200,"height":1200},{"@type":"BreadcrumbList","@id":"https:\/\/novotel.accorv2prod.decms.eu\/vi\/rooms-suites\/phong-tieu-chuan\/#breadcrumb","itemListElement":[{"@type":"ListItem","position":1,"name":"Home","item":"https:\/\/novotel.accorv2prod.decms.eu\/vi\/home\/"},{"@type":"ListItem","position":2,"name":"Ph\u00f2ng &#038; Suite","item":"https:\/\/novotel.accorv2prod.decms.eu\/vi\/rooms-suites\/"},{"@type":"ListItem","position":3,"name":"Ph\u00f2ng ti\u00eau chu\u1ea9n"}]},{"@type":"WebSite","@id":"https:\/\/novotel.accorv2prod.decms.eu\/#website","url":"https:\/\/novotel.accorv2prod.decms.eu\/","name":"Novotel V2 demo site","description":"Just another Matteo Canever Site Sites site","potentialAction":[{"@type":"SearchAction","target":{"@type":"EntryPoint","urlTemplate":"https:\/\/novotel.accorv2prod.decms.eu\/?s={search_term_string}"},"query-input":{"@type":"PropertyValueSpecification","valueRequired":true,"valueName":"search_term_string"}}],"inLanguage":"vi-VN"}]}},"_links":{"self":[{"href":"https:\/\/novotel.accorv2prod.decms.eu\/vi\/wp-json\/wp\/v2\/pages\/2141","targetHints":{"allow":["GET"]}}],"collection":[{"href":"https:\/\/novotel.accorv2prod.decms.eu\/vi\/wp-json\/wp\/v2\/pages"}],"about":[{"href":"https:\/\/novotel.accorv2prod.decms.eu\/vi\/wp-json\/wp\/v2\/types\/page"}],"author":[{"embeddable":true,"href":"https:\/\/novotel.accorv2prod.decms.eu\/vi\/wp-json\/wp\/v2\/users\/4"}],"replies":[{"embeddable":true,"href":"https:\/\/novotel.accorv2prod.decms.eu\/vi\/wp-json\/wp\/v2\/comments?post=2141"}],"version-history":[{"count":0,"href":"https:\/\/novotel.accorv2prod.decms.eu\/vi\/wp-json\/wp\/v2\/pages\/2141\/revisions"}],"up":[{"embeddable":true,"href":"https:\/\/novotel.accorv2prod.decms.eu\/vi\/wp-json\/wp\/v2\/pages\/924"}],"wp:featuredmedia":[{"embeddable":true,"href":"https:\/\/novotel.accorv2prod.decms.eu\/vi\/wp-json\/wp\/v2\/media\/2123"}],"wp:attachment":[{"href":"https:\/\/novotel.accorv2prod.decms.eu\/vi\/wp-json\/wp\/v2\/media?parent=2141"}],"wp:term":[{"taxonomy":"category","embeddable":true,"href":"https:\/\/novotel.accorv2prod.decms.eu\/vi\/wp-json\/wp\/v2\/categories?post=2141"}],"curies":[{"name":"wp","href":"https:\/\/api.w.org\/{rel}","templated":true}]}}