{"id":2212,"date":"2021-08-05T10:30:10","date_gmt":"2021-08-05T10:30:10","guid":{"rendered":"https:\/\/novotel.accorv2prod.decms.eu\/?page_id=2212"},"modified":"2022-07-29T11:22:35","modified_gmt":"2022-07-29T11:22:35","slug":"mat-xa-tri-lieu","status":"publish","type":"page","link":"https:\/\/novotel.accorv2prod.decms.eu\/vi\/thalasso-spa-suc-khoe\/mat-xa-tri-lieu\/","title":{"rendered":"M\u00e1t-xa &#038; Tr\u1ecb li\u1ec7u"},"content":{"rendered":"<p>C\u00f3 r\u1ea5t nhi\u1ec1u bi\u1ebfn th\u1ec3 c\u1ee7a Lorem Ipsum m\u00e0 b\u1ea1n c\u00f3 th\u1ec3 t\u00ecm th\u1ea5y, nh\u01b0ng \u0111a s\u1ed1 \u0111\u01b0\u1ee3c bi\u1ebfn \u0111\u1ed5i b\u1eb1ng c\u00e1ch th\u00eam c\u00e1c y\u1ebfu t\u1ed1 h\u00e0i h\u01b0\u1edbc, c\u00e1c t\u1eeb ng\u1eabu nhi\u00ean c\u00f3 khi kh\u00f4ng c\u00f3 v\u1ebb g\u00ec l\u00e0 c\u00f3 \u00fd ngh\u0129a. N\u1ebfu b\u1ea1n \u0111\u1ecbnh s\u1eed d\u1ee5ng m\u1ed9t \u0111o\u1ea1n Lorem Ipsum, b\u1ea1n n\u00ean ki\u1ec3m tra k\u0129 \u0111\u1ec3 ch\u1eafn ch\u1eafn l\u00e0 kh\u00f4ng c\u00f3 g\u00ec nh\u1ea1y c\u1ea3m \u0111\u01b0\u1ee3c gi\u1ea5u \u1edf gi\u1eefa \u0111o\u1ea1n v\u0103n b\u1ea3n. T\u1ea5t c\u1ea3 c\u00e1c c\u00f4ng c\u1ee5 s\u1ea3n xu\u1ea5t v\u0103n b\u1ea3n m\u1eabu Lorem Ipsum \u0111\u1ec1u \u0111\u01b0\u1ee3c l\u00e0m theo c\u00e1ch l\u1eb7p \u0111i l\u1eb7p l\u1ea1i c\u00e1c \u0111o\u1ea1n ch\u1eef cho t\u1edbi \u0111\u1ee7 th\u00ec th\u00f4i, khi\u1ebfn cho lipsum.com tr\u1edf th\u00e0nh c\u00f4ng c\u1ee5 s\u1ea3n xu\u1ea5t Lorem Ipsum \u0111\u00e1ng gi\u00e1 nh\u1ea5t tr\u00ean m\u1ea1ng. Trang web n\u00e0y s\u1eed d\u1ee5ng h\u01a1n 200 t\u1eeb la-tinh, k\u1ebft h\u1ee3p thu\u1ea7n th\u1ee5c nhi\u1ec1u c\u1ea5u tr\u00fac c\u00e2u \u0111\u1ec3 t\u1ea1o ra v\u0103n b\u1ea3n Lorem Ipsum tr\u00f4ng c\u00f3 v\u1ebb th\u1eadt s\u1ef1 h\u1ee3p l\u00ed. Nh\u1edd th\u1ebf, v\u0103n b\u1ea3n Lorem Ipsum \u0111\u01b0\u1ee3c t\u1ea1o ra m\u00e0 kh\u00f4ng c\u1ea7n m\u1ed9t s\u1ef1 l\u1eb7p l\u1ea1i n\u00e0o, c\u0169ng kh\u00f4ng c\u1ea7n ch\u00e8n th\u00eam c\u00e1c t\u1eeb ng\u1eef h\u00f3m h\u1ec9nh hay thi\u1ebfu tr\u1eadt t\u1ef1.<\/p>\n","protected":false},"excerpt":{"rendered":"<p>C\u00f3 r\u1ea5t nhi\u1ec1u bi\u1ebfn th\u1ec3 c\u1ee7a Lorem Ipsum m\u00e0 b\u1ea1n c\u00f3 th\u1ec3 t\u00ecm th\u1ea5y, nh\u01b0ng \u0111a s\u1ed1 \u0111\u01b0\u1ee3c bi\u1ebfn \u0111\u1ed5i b\u1eb1ng c\u00e1ch th\u00eam c\u00e1c y\u1ebfu t\u1ed1 h\u00e0i h\u01b0\u1edbc, c\u00e1c t\u1eeb ng\u1eabu nhi\u00ean c\u00f3 khi kh\u00f4ng c\u00f3 v\u1ebb g\u00ec l\u00e0 c\u00f3 \u00fd ngh\u0129a. N\u1ebfu b\u1ea1n \u0111\u1ecbnh s\u1eed d\u1ee5ng m\u1ed9t \u0111o\u1ea1n Lorem Ipsum, b\u1ea1n n\u00ean ki\u1ec3m tra [&hellip;]<\/p>\n","protected":false},"author":4,"featured_media":0,"parent":928,"menu_order":400,"comment_status":"closed","ping_status":"closed","template":"template-spa.php","meta":{"footnotes":""},"categories":[],"class_list":["post-2212","page","type-page","status-publish","hentry"],"acf":[],"yoast_head":"<!-- This site is optimized with the Yoast SEO plugin v26.9 - https:\/\/yoast.com\/product\/yoast-seo-wordpress\/ -->\n<title>M\u00e1t-xa &amp; Tr\u1ecb li\u1ec7u - Novotel V2 demo site<\/title>\n<meta name=\"robots\" content=\"noindex, follow, max-snippet:-1, max-image-preview:large, max-video-preview:-1\" \/>\n<meta property=\"og:locale\" content=\"vi_VN\" \/>\n<meta property=\"og:type\" content=\"article\" \/>\n<meta property=\"og:title\" content=\"M\u00e1t-xa &amp; Tr\u1ecb li\u1ec7u - Novotel V2 demo site\" \/>\n<meta property=\"og:description\" content=\"C\u00f3 r\u1ea5t nhi\u1ec1u bi\u1ebfn th\u1ec3 c\u1ee7a Lorem Ipsum m\u00e0 b\u1ea1n c\u00f3 th\u1ec3 t\u00ecm th\u1ea5y, nh\u01b0ng \u0111a s\u1ed1 \u0111\u01b0\u1ee3c bi\u1ebfn \u0111\u1ed5i b\u1eb1ng c\u00e1ch th\u00eam c\u00e1c y\u1ebfu t\u1ed1 h\u00e0i h\u01b0\u1edbc, c\u00e1c t\u1eeb ng\u1eabu nhi\u00ean c\u00f3 khi kh\u00f4ng c\u00f3 v\u1ebb g\u00ec l\u00e0 c\u00f3 \u00fd ngh\u0129a. N\u1ebfu b\u1ea1n \u0111\u1ecbnh s\u1eed d\u1ee5ng m\u1ed9t \u0111o\u1ea1n Lorem Ipsum, b\u1ea1n n\u00ean ki\u1ec3m tra [&hellip;]\" \/>\n<meta property=\"og:url\" content=\"https:\/\/novotel.accorv2prod.decms.eu\/vi\/thalasso-spa-suc-khoe\/mat-xa-tri-lieu\/\" \/>\n<meta property=\"og:site_name\" content=\"Novotel V2 demo site\" \/>\n<meta property=\"article:modified_time\" content=\"2022-07-29T11:22:35+00:00\" \/>\n<meta name=\"twitter:card\" content=\"summary_large_image\" \/>\n<meta name=\"twitter:label1\" content=\"Est. reading time\" \/>\n\t<meta name=\"twitter:data1\" content=\"1 minute\" \/>\n<script type=\"application\/ld+json\" class=\"yoast-schema-graph\">{\"@context\":\"https:\/\/schema.org\",\"@graph\":[{\"@type\":\"WebPage\",\"@id\":\"https:\/\/novotel.accorv2prod.decms.eu\/vi\/thalasso-spa-suc-khoe\/mat-xa-tri-lieu\/\",\"url\":\"https:\/\/novotel.accorv2prod.decms.eu\/vi\/thalasso-spa-suc-khoe\/mat-xa-tri-lieu\/\",\"name\":\"M\u00e1t-xa & Tr\u1ecb li\u1ec7u - Novotel V2 demo site\",\"isPartOf\":{\"@id\":\"https:\/\/novotel.accorv2prod.decms.eu\/#website\"},\"datePublished\":\"2021-08-05T10:30:10+00:00\",\"dateModified\":\"2022-07-29T11:22:35+00:00\",\"breadcrumb\":{\"@id\":\"https:\/\/novotel.accorv2prod.decms.eu\/vi\/thalasso-spa-suc-khoe\/mat-xa-tri-lieu\/#breadcrumb\"},\"inLanguage\":\"vi-VN\",\"potentialAction\":[{\"@type\":\"ReadAction\",\"target\":[\"https:\/\/novotel.accorv2prod.decms.eu\/vi\/thalasso-spa-suc-khoe\/mat-xa-tri-lieu\/\"]}]},{\"@type\":\"BreadcrumbList\",\"@id\":\"https:\/\/novotel.accorv2prod.decms.eu\/vi\/thalasso-spa-suc-khoe\/mat-xa-tri-lieu\/#breadcrumb\",\"itemListElement\":[{\"@type\":\"ListItem\",\"position\":1,\"name\":\"Home\",\"item\":\"https:\/\/novotel.accorv2prod.decms.eu\/vi\/home\/\"},{\"@type\":\"ListItem\",\"position\":2,\"name\":\"Thalasso SPA &#038; S\u1ee9c kh\u1ecfe\",\"item\":\"https:\/\/novotel.accorv2prod.decms.eu\/vi\/thalasso-spa-wellness\/\"},{\"@type\":\"ListItem\",\"position\":3,\"name\":\"M\u00e1t-xa &#038; Tr\u1ecb li\u1ec7u\"}]},{\"@type\":\"WebSite\",\"@id\":\"https:\/\/novotel.accorv2prod.decms.eu\/#website\",\"url\":\"https:\/\/novotel.accorv2prod.decms.eu\/\",\"name\":\"Novotel V2 demo site\",\"description\":\"Just another Matteo Canever Site Sites site\",\"potentialAction\":[{\"@type\":\"SearchAction\",\"target\":{\"@type\":\"EntryPoint\",\"urlTemplate\":\"https:\/\/novotel.accorv2prod.decms.eu\/?s={search_term_string}\"},\"query-input\":{\"@type\":\"PropertyValueSpecification\",\"valueRequired\":true,\"valueName\":\"search_term_string\"}}],\"inLanguage\":\"vi-VN\"}]}<\/script>\n<!-- \/ Yoast SEO plugin. -->","yoast_head_json":{"title":"M\u00e1t-xa & Tr\u1ecb li\u1ec7u - Novotel V2 demo site","robots":{"index":"noindex","follow":"follow","max-snippet":"max-snippet:-1","max-image-preview":"max-image-preview:large","max-video-preview":"max-video-preview:-1"},"og_locale":"vi_VN","og_type":"article","og_title":"M\u00e1t-xa & Tr\u1ecb li\u1ec7u - Novotel V2 demo site","og_description":"C\u00f3 r\u1ea5t nhi\u1ec1u bi\u1ebfn th\u1ec3 c\u1ee7a Lorem Ipsum m\u00e0 b\u1ea1n c\u00f3 th\u1ec3 t\u00ecm th\u1ea5y, nh\u01b0ng \u0111a s\u1ed1 \u0111\u01b0\u1ee3c bi\u1ebfn \u0111\u1ed5i b\u1eb1ng c\u00e1ch th\u00eam c\u00e1c y\u1ebfu t\u1ed1 h\u00e0i h\u01b0\u1edbc, c\u00e1c t\u1eeb ng\u1eabu nhi\u00ean c\u00f3 khi kh\u00f4ng c\u00f3 v\u1ebb g\u00ec l\u00e0 c\u00f3 \u00fd ngh\u0129a. N\u1ebfu b\u1ea1n \u0111\u1ecbnh s\u1eed d\u1ee5ng m\u1ed9t \u0111o\u1ea1n Lorem Ipsum, b\u1ea1n n\u00ean ki\u1ec3m tra [&hellip;]","og_url":"https:\/\/novotel.accorv2prod.decms.eu\/vi\/thalasso-spa-suc-khoe\/mat-xa-tri-lieu\/","og_site_name":"Novotel V2 demo site","article_modified_time":"2022-07-29T11:22:35+00:00","twitter_card":"summary_large_image","twitter_misc":{"Est. reading time":"1 minute"},"schema":{"@context":"https:\/\/schema.org","@graph":[{"@type":"WebPage","@id":"https:\/\/novotel.accorv2prod.decms.eu\/vi\/thalasso-spa-suc-khoe\/mat-xa-tri-lieu\/","url":"https:\/\/novotel.accorv2prod.decms.eu\/vi\/thalasso-spa-suc-khoe\/mat-xa-tri-lieu\/","name":"M\u00e1t-xa & Tr\u1ecb li\u1ec7u - Novotel V2 demo site","isPartOf":{"@id":"https:\/\/novotel.accorv2prod.decms.eu\/#website"},"datePublished":"2021-08-05T10:30:10+00:00","dateModified":"2022-07-29T11:22:35+00:00","breadcrumb":{"@id":"https:\/\/novotel.accorv2prod.decms.eu\/vi\/thalasso-spa-suc-khoe\/mat-xa-tri-lieu\/#breadcrumb"},"inLanguage":"vi-VN","potentialAction":[{"@type":"ReadAction","target":["https:\/\/novotel.accorv2prod.decms.eu\/vi\/thalasso-spa-suc-khoe\/mat-xa-tri-lieu\/"]}]},{"@type":"BreadcrumbList","@id":"https:\/\/novotel.accorv2prod.decms.eu\/vi\/thalasso-spa-suc-khoe\/mat-xa-tri-lieu\/#breadcrumb","itemListElement":[{"@type":"ListItem","position":1,"name":"Home","item":"https:\/\/novotel.accorv2prod.decms.eu\/vi\/home\/"},{"@type":"ListItem","position":2,"name":"Thalasso SPA &#038; S\u1ee9c kh\u1ecfe","item":"https:\/\/novotel.accorv2prod.decms.eu\/vi\/thalasso-spa-wellness\/"},{"@type":"ListItem","position":3,"name":"M\u00e1t-xa &#038; Tr\u1ecb li\u1ec7u"}]},{"@type":"WebSite","@id":"https:\/\/novotel.accorv2prod.decms.eu\/#website","url":"https:\/\/novotel.accorv2prod.decms.eu\/","name":"Novotel V2 demo site","description":"Just another Matteo Canever Site Sites site","potentialAction":[{"@type":"SearchAction","target":{"@type":"EntryPoint","urlTemplate":"https:\/\/novotel.accorv2prod.decms.eu\/?s={search_term_string}"},"query-input":{"@type":"PropertyValueSpecification","valueRequired":true,"valueName":"search_term_string"}}],"inLanguage":"vi-VN"}]}},"_links":{"self":[{"href":"https:\/\/novotel.accorv2prod.decms.eu\/vi\/wp-json\/wp\/v2\/pages\/2212","targetHints":{"allow":["GET"]}}],"collection":[{"href":"https:\/\/novotel.accorv2prod.decms.eu\/vi\/wp-json\/wp\/v2\/pages"}],"about":[{"href":"https:\/\/novotel.accorv2prod.decms.eu\/vi\/wp-json\/wp\/v2\/types\/page"}],"author":[{"embeddable":true,"href":"https:\/\/novotel.accorv2prod.decms.eu\/vi\/wp-json\/wp\/v2\/users\/4"}],"replies":[{"embeddable":true,"href":"https:\/\/novotel.accorv2prod.decms.eu\/vi\/wp-json\/wp\/v2\/comments?post=2212"}],"version-history":[{"count":0,"href":"https:\/\/novotel.accorv2prod.decms.eu\/vi\/wp-json\/wp\/v2\/pages\/2212\/revisions"}],"up":[{"embeddable":true,"href":"https:\/\/novotel.accorv2prod.decms.eu\/vi\/wp-json\/wp\/v2\/pages\/928"}],"wp:attachment":[{"href":"https:\/\/novotel.accorv2prod.decms.eu\/vi\/wp-json\/wp\/v2\/media?parent=2212"}],"wp:term":[{"taxonomy":"category","embeddable":true,"href":"https:\/\/novotel.accorv2prod.decms.eu\/vi\/wp-json\/wp\/v2\/categories?post=2212"}],"curies":[{"name":"wp","href":"https:\/\/api.w.org\/{rel}","templated":true}]}}