{"id":2826,"date":"2021-06-29T09:35:27","date_gmt":"2021-06-29T09:35:27","guid":{"rendered":"https:\/\/novotel.accorv2prod.decms.eu\/restaurants-bars\/pool-lounge\/"},"modified":"2022-07-19T10:45:47","modified_gmt":"2022-07-19T10:45:47","slug":"sanh-ho-boi","status":"publish","type":"page","link":"https:\/\/novotel.accorv2prod.decms.eu\/vi\/restaurants-bars\/sanh-ho-boi\/","title":{"rendered":"S\u1ea3nh h\u1ed3 b\u01a1i"},"content":{"rendered":"<p>B\u1ea3n th\u00e2n n\u1ed7i \u0111au l\u00e0 ch\u00eca kh\u00f3a cho n\u1ed7i \u0111au c\u1ee7a kh\u00e1ch h\u00e0ng, nh\u01b0ng t\u00f4i cho h\u1ecd th\u1eddi gian \u0111\u1ec3 r\u01a1i v\u00e0o \u0111\u00f3 v\u1edbi m\u1ed9t n\u1ed7i \u0111au v\u00e0 n\u1ed7i \u0111au l\u1edbn. V\u00ec m\u1ee5c \u0111\u00edch \u0111\u1ebfn m\u1ee9c t\u1ed1i thi\u1ec3u, nh\u1eefng g\u00ec c\u1ee7a ch\u00fang ta \u0111\u1ec3 th\u1ef1c hi\u1ec7n, b\u1ea5t k\u1ef3 tr\u01b0\u1eddng lao \u0111\u1ed9ng n\u00e0o ngo\u1ea1i tr\u1eeb \u0111\u1ec3 t\u1eadn d\u1ee5ng nh\u1eefng h\u1eadu qu\u1ea3 t\u1eeb c\u00e1c m\u1ee5c ti\u00eau c\u1ee7a n\u00f3. Nh\u01b0ng n\u1ed7i \u0111au trong phim l\u00e0 kh\u00f4ng th\u1ec3 l\u00ean \u00e1n, trong s\u1ef1 sung s\u01b0\u1edbng n\u00f3 mu\u1ed1n tho\u00e1t kh\u1ecfi n\u1ed7i \u0111au b\u1ecb co c\u1ee5m trong \u0111au \u0111\u1edbn, kh\u00f4ng c\u00f3 k\u1ebft qu\u1ea3. H\u1ecd l\u00e0 nh\u1eefng tr\u01b0\u1eddng h\u1ee3p ngo\u1ea1i l\u1ec7 m\u00e0 ng\u01b0\u1eddi khi\u1ebfm th\u1ecb khao kh\u00e1t, h\u1ecd kh\u00f4ng nh\u00ecn th\u1ea5y, h\u1ecd l\u00e0 nh\u1eefng ng\u01b0\u1eddi r\u0169 b\u1ecf tr\u00e1ch nhi\u1ec7m v\u1edbi l\u1ed7i l\u1ea7m \u0111ang xoa d\u1ecbu nh\u1eefng nh\u1ecdc nh\u1eb1n c\u1ee7a t\u00e2m h\u1ed3n.<\/p>\n","protected":false},"excerpt":{"rendered":"<p>B\u1ea3n th\u00e2n n\u1ed7i \u0111au l\u00e0 ch\u00eca kh\u00f3a cho n\u1ed7i \u0111au c\u1ee7a kh\u00e1ch h\u00e0ng, nh\u01b0ng t\u00f4i cho h\u1ecd th\u1eddi gian \u0111\u1ec3 r\u01a1i v\u00e0o \u0111\u00f3 v\u1edbi m\u1ed9t n\u1ed7i \u0111au v\u00e0 n\u1ed7i \u0111au l\u1edbn. V\u00ec m\u1ee5c \u0111\u00edch \u0111\u1ebfn m\u1ee9c t\u1ed1i thi\u1ec3u, nh\u1eefng g\u00ec c\u1ee7a ch\u00fang ta \u0111\u1ec3 th\u1ef1c hi\u1ec7n, b\u1ea5t k\u1ef3 tr\u01b0\u1eddng lao \u0111\u1ed9ng n\u00e0o ngo\u1ea1i tr\u1eeb \u0111\u1ec3 [&hellip;]<\/p>\n","protected":false},"author":2,"featured_media":2406,"parent":920,"menu_order":3,"comment_status":"closed","ping_status":"closed","template":"template-restaurant.php","meta":{"footnotes":""},"categories":[273,279],"class_list":["post-2826","page","type-page","status-publish","has-post-thumbnail","hentry","category-cac-nha-hang","category-quan-ba"],"acf":[],"yoast_head":"<!-- This site is optimized with the Yoast SEO plugin v26.9 - https:\/\/yoast.com\/product\/yoast-seo-wordpress\/ -->\n<title>S\u1ea3nh h\u1ed3 b\u01a1i - Novotel V2 demo site<\/title>\n<meta name=\"robots\" content=\"noindex, follow, max-snippet:-1, max-image-preview:large, max-video-preview:-1\" \/>\n<meta property=\"og:locale\" content=\"vi_VN\" \/>\n<meta property=\"og:type\" content=\"article\" \/>\n<meta property=\"og:title\" content=\"S\u1ea3nh h\u1ed3 b\u01a1i - Novotel V2 demo site\" \/>\n<meta property=\"og:description\" content=\"B\u1ea3n th\u00e2n n\u1ed7i \u0111au l\u00e0 ch\u00eca kh\u00f3a cho n\u1ed7i \u0111au c\u1ee7a kh\u00e1ch h\u00e0ng, nh\u01b0ng t\u00f4i cho h\u1ecd th\u1eddi gian \u0111\u1ec3 r\u01a1i v\u00e0o \u0111\u00f3 v\u1edbi m\u1ed9t n\u1ed7i \u0111au v\u00e0 n\u1ed7i \u0111au l\u1edbn. V\u00ec m\u1ee5c \u0111\u00edch \u0111\u1ebfn m\u1ee9c t\u1ed1i thi\u1ec3u, nh\u1eefng g\u00ec c\u1ee7a ch\u00fang ta \u0111\u1ec3 th\u1ef1c hi\u1ec7n, b\u1ea5t k\u1ef3 tr\u01b0\u1eddng lao \u0111\u1ed9ng n\u00e0o ngo\u1ea1i tr\u1eeb \u0111\u1ec3 [&hellip;]\" \/>\n<meta property=\"og:url\" content=\"https:\/\/novotel.accorv2prod.decms.eu\/vi\/restaurants-bars\/sanh-ho-boi\/\" \/>\n<meta property=\"og:site_name\" content=\"Novotel V2 demo site\" \/>\n<meta property=\"article:modified_time\" content=\"2022-07-19T10:45:47+00:00\" \/>\n<meta property=\"og:image\" content=\"https:\/\/novotel.accorv2prod.decms.eu\/wp-content\/uploads\/sites\/20\/2021\/09\/philosophy.jpg\" \/>\n\t<meta property=\"og:image:width\" content=\"1800\" \/>\n\t<meta property=\"og:image:height\" content=\"1013\" \/>\n\t<meta property=\"og:image:type\" content=\"image\/jpeg\" \/>\n<meta name=\"twitter:card\" content=\"summary_large_image\" \/>\n<meta name=\"twitter:label1\" content=\"Est. reading time\" \/>\n\t<meta name=\"twitter:data1\" content=\"1 minute\" \/>\n<script type=\"application\/ld+json\" class=\"yoast-schema-graph\">{\"@context\":\"https:\/\/schema.org\",\"@graph\":[{\"@type\":\"WebPage\",\"@id\":\"https:\/\/novotel.accorv2prod.decms.eu\/vi\/restaurants-bars\/sanh-ho-boi\/\",\"url\":\"https:\/\/novotel.accorv2prod.decms.eu\/vi\/restaurants-bars\/sanh-ho-boi\/\",\"name\":\"S\u1ea3nh h\u1ed3 b\u01a1i - Novotel V2 demo site\",\"isPartOf\":{\"@id\":\"https:\/\/novotel.accorv2prod.decms.eu\/#website\"},\"primaryImageOfPage\":{\"@id\":\"https:\/\/novotel.accorv2prod.decms.eu\/vi\/restaurants-bars\/sanh-ho-boi\/#primaryimage\"},\"image\":{\"@id\":\"https:\/\/novotel.accorv2prod.decms.eu\/vi\/restaurants-bars\/sanh-ho-boi\/#primaryimage\"},\"thumbnailUrl\":\"https:\/\/novotel.accorv2prod.decms.eu\/wp-content\/uploads\/sites\/20\/2021\/09\/philosophy.jpg\",\"datePublished\":\"2021-06-29T09:35:27+00:00\",\"dateModified\":\"2022-07-19T10:45:47+00:00\",\"breadcrumb\":{\"@id\":\"https:\/\/novotel.accorv2prod.decms.eu\/vi\/restaurants-bars\/sanh-ho-boi\/#breadcrumb\"},\"inLanguage\":\"vi-VN\",\"potentialAction\":[{\"@type\":\"ReadAction\",\"target\":[\"https:\/\/novotel.accorv2prod.decms.eu\/vi\/restaurants-bars\/sanh-ho-boi\/\"]}]},{\"@type\":\"ImageObject\",\"inLanguage\":\"vi-VN\",\"@id\":\"https:\/\/novotel.accorv2prod.decms.eu\/vi\/restaurants-bars\/sanh-ho-boi\/#primaryimage\",\"url\":\"https:\/\/novotel.accorv2prod.decms.eu\/wp-content\/uploads\/sites\/20\/2021\/09\/philosophy.jpg\",\"contentUrl\":\"https:\/\/novotel.accorv2prod.decms.eu\/wp-content\/uploads\/sites\/20\/2021\/09\/philosophy.jpg\",\"width\":1800,\"height\":1013},{\"@type\":\"BreadcrumbList\",\"@id\":\"https:\/\/novotel.accorv2prod.decms.eu\/vi\/restaurants-bars\/sanh-ho-boi\/#breadcrumb\",\"itemListElement\":[{\"@type\":\"ListItem\",\"position\":1,\"name\":\"Home\",\"item\":\"https:\/\/novotel.accorv2prod.decms.eu\/vi\/home\/\"},{\"@type\":\"ListItem\",\"position\":2,\"name\":\"Nh\u00e0 h\u00e0ng &#038; Qu\u00e1n bar\",\"item\":\"https:\/\/novotel.accorv2prod.decms.eu\/vi\/restaurants-bars\/\"},{\"@type\":\"ListItem\",\"position\":3,\"name\":\"S\u1ea3nh h\u1ed3 b\u01a1i\"}]},{\"@type\":\"WebSite\",\"@id\":\"https:\/\/novotel.accorv2prod.decms.eu\/#website\",\"url\":\"https:\/\/novotel.accorv2prod.decms.eu\/\",\"name\":\"Novotel V2 demo site\",\"description\":\"Just another Matteo Canever Site Sites site\",\"potentialAction\":[{\"@type\":\"SearchAction\",\"target\":{\"@type\":\"EntryPoint\",\"urlTemplate\":\"https:\/\/novotel.accorv2prod.decms.eu\/?s={search_term_string}\"},\"query-input\":{\"@type\":\"PropertyValueSpecification\",\"valueRequired\":true,\"valueName\":\"search_term_string\"}}],\"inLanguage\":\"vi-VN\"}]}<\/script>\n<!-- \/ Yoast SEO plugin. -->","yoast_head_json":{"title":"S\u1ea3nh h\u1ed3 b\u01a1i - Novotel V2 demo site","robots":{"index":"noindex","follow":"follow","max-snippet":"max-snippet:-1","max-image-preview":"max-image-preview:large","max-video-preview":"max-video-preview:-1"},"og_locale":"vi_VN","og_type":"article","og_title":"S\u1ea3nh h\u1ed3 b\u01a1i - Novotel V2 demo site","og_description":"B\u1ea3n th\u00e2n n\u1ed7i \u0111au l\u00e0 ch\u00eca kh\u00f3a cho n\u1ed7i \u0111au c\u1ee7a kh\u00e1ch h\u00e0ng, nh\u01b0ng t\u00f4i cho h\u1ecd th\u1eddi gian \u0111\u1ec3 r\u01a1i v\u00e0o \u0111\u00f3 v\u1edbi m\u1ed9t n\u1ed7i \u0111au v\u00e0 n\u1ed7i \u0111au l\u1edbn. V\u00ec m\u1ee5c \u0111\u00edch \u0111\u1ebfn m\u1ee9c t\u1ed1i thi\u1ec3u, nh\u1eefng g\u00ec c\u1ee7a ch\u00fang ta \u0111\u1ec3 th\u1ef1c hi\u1ec7n, b\u1ea5t k\u1ef3 tr\u01b0\u1eddng lao \u0111\u1ed9ng n\u00e0o ngo\u1ea1i tr\u1eeb \u0111\u1ec3 [&hellip;]","og_url":"https:\/\/novotel.accorv2prod.decms.eu\/vi\/restaurants-bars\/sanh-ho-boi\/","og_site_name":"Novotel V2 demo site","article_modified_time":"2022-07-19T10:45:47+00:00","og_image":[{"width":1800,"height":1013,"url":"https:\/\/novotel.accorv2prod.decms.eu\/wp-content\/uploads\/sites\/20\/2021\/09\/philosophy.jpg","type":"image\/jpeg"}],"twitter_card":"summary_large_image","twitter_misc":{"Est. reading time":"1 minute"},"schema":{"@context":"https:\/\/schema.org","@graph":[{"@type":"WebPage","@id":"https:\/\/novotel.accorv2prod.decms.eu\/vi\/restaurants-bars\/sanh-ho-boi\/","url":"https:\/\/novotel.accorv2prod.decms.eu\/vi\/restaurants-bars\/sanh-ho-boi\/","name":"S\u1ea3nh h\u1ed3 b\u01a1i - Novotel V2 demo site","isPartOf":{"@id":"https:\/\/novotel.accorv2prod.decms.eu\/#website"},"primaryImageOfPage":{"@id":"https:\/\/novotel.accorv2prod.decms.eu\/vi\/restaurants-bars\/sanh-ho-boi\/#primaryimage"},"image":{"@id":"https:\/\/novotel.accorv2prod.decms.eu\/vi\/restaurants-bars\/sanh-ho-boi\/#primaryimage"},"thumbnailUrl":"https:\/\/novotel.accorv2prod.decms.eu\/wp-content\/uploads\/sites\/20\/2021\/09\/philosophy.jpg","datePublished":"2021-06-29T09:35:27+00:00","dateModified":"2022-07-19T10:45:47+00:00","breadcrumb":{"@id":"https:\/\/novotel.accorv2prod.decms.eu\/vi\/restaurants-bars\/sanh-ho-boi\/#breadcrumb"},"inLanguage":"vi-VN","potentialAction":[{"@type":"ReadAction","target":["https:\/\/novotel.accorv2prod.decms.eu\/vi\/restaurants-bars\/sanh-ho-boi\/"]}]},{"@type":"ImageObject","inLanguage":"vi-VN","@id":"https:\/\/novotel.accorv2prod.decms.eu\/vi\/restaurants-bars\/sanh-ho-boi\/#primaryimage","url":"https:\/\/novotel.accorv2prod.decms.eu\/wp-content\/uploads\/sites\/20\/2021\/09\/philosophy.jpg","contentUrl":"https:\/\/novotel.accorv2prod.decms.eu\/wp-content\/uploads\/sites\/20\/2021\/09\/philosophy.jpg","width":1800,"height":1013},{"@type":"BreadcrumbList","@id":"https:\/\/novotel.accorv2prod.decms.eu\/vi\/restaurants-bars\/sanh-ho-boi\/#breadcrumb","itemListElement":[{"@type":"ListItem","position":1,"name":"Home","item":"https:\/\/novotel.accorv2prod.decms.eu\/vi\/home\/"},{"@type":"ListItem","position":2,"name":"Nh\u00e0 h\u00e0ng &#038; Qu\u00e1n bar","item":"https:\/\/novotel.accorv2prod.decms.eu\/vi\/restaurants-bars\/"},{"@type":"ListItem","position":3,"name":"S\u1ea3nh h\u1ed3 b\u01a1i"}]},{"@type":"WebSite","@id":"https:\/\/novotel.accorv2prod.decms.eu\/#website","url":"https:\/\/novotel.accorv2prod.decms.eu\/","name":"Novotel V2 demo site","description":"Just another Matteo Canever Site Sites site","potentialAction":[{"@type":"SearchAction","target":{"@type":"EntryPoint","urlTemplate":"https:\/\/novotel.accorv2prod.decms.eu\/?s={search_term_string}"},"query-input":{"@type":"PropertyValueSpecification","valueRequired":true,"valueName":"search_term_string"}}],"inLanguage":"vi-VN"}]}},"_links":{"self":[{"href":"https:\/\/novotel.accorv2prod.decms.eu\/vi\/wp-json\/wp\/v2\/pages\/2826","targetHints":{"allow":["GET"]}}],"collection":[{"href":"https:\/\/novotel.accorv2prod.decms.eu\/vi\/wp-json\/wp\/v2\/pages"}],"about":[{"href":"https:\/\/novotel.accorv2prod.decms.eu\/vi\/wp-json\/wp\/v2\/types\/page"}],"author":[{"embeddable":true,"href":"https:\/\/novotel.accorv2prod.decms.eu\/vi\/wp-json\/wp\/v2\/users\/2"}],"replies":[{"embeddable":true,"href":"https:\/\/novotel.accorv2prod.decms.eu\/vi\/wp-json\/wp\/v2\/comments?post=2826"}],"version-history":[{"count":0,"href":"https:\/\/novotel.accorv2prod.decms.eu\/vi\/wp-json\/wp\/v2\/pages\/2826\/revisions"}],"up":[{"embeddable":true,"href":"https:\/\/novotel.accorv2prod.decms.eu\/vi\/wp-json\/wp\/v2\/pages\/920"}],"wp:featuredmedia":[{"embeddable":true,"href":"https:\/\/novotel.accorv2prod.decms.eu\/vi\/wp-json\/wp\/v2\/media\/2406"}],"wp:attachment":[{"href":"https:\/\/novotel.accorv2prod.decms.eu\/vi\/wp-json\/wp\/v2\/media?parent=2826"}],"wp:term":[{"taxonomy":"category","embeddable":true,"href":"https:\/\/novotel.accorv2prod.decms.eu\/vi\/wp-json\/wp\/v2\/categories?post=2826"}],"curies":[{"name":"wp","href":"https:\/\/api.w.org\/{rel}","templated":true}]}}