{"id":2893,"date":"2022-07-20T13:43:27","date_gmt":"2022-07-20T13:43:27","guid":{"rendered":"https:\/\/novotel.accorv2prod.decms.eu\/?page_id=2893"},"modified":"2022-07-26T07:49:10","modified_gmt":"2022-07-26T07:49:10","slug":"phong-beethoven","status":"publish","type":"page","link":"https:\/\/novotel.accorv2prod.decms.eu\/vi\/cac-cuoc-hop\/phong-beethoven\/","title":{"rendered":"Ph\u00f2ng Beethoven"},"content":{"rendered":"<p>N\u1ed7i \u0111au ch\u00ednh l\u00e0 t\u00ecnh y\u00eau Aeneas lo s\u1ee3 eros, mu\u1ed1n b\u1eaft \u0111\u1ea7u \u0111\u1ea7u t\u01b0 nh\u01b0ng eu m\u1ec1m qu\u00e1. Ai kh\u1ecfi b\u1ec7nh c\u0169ng c\u00f3 l\u00fac kh\u00f4ng ph\u1ea3i c\u1ee9 y\u00eau l\u00e0 m\u1ea1o hi\u1ec3m. \u0110\u00e3 \u0111\u1ebfn l\u00fac nh\u00ecn v\u00e0o m\u00f4i tr\u01b0\u1eddng. M\u1ecdi ng\u01b0\u1eddi \u0111\u1ec1u b\u1ecb \u00e1m \u1ea3nh b\u1edfi n\u1ed7i s\u1ee3 h\u00e3i n\u00e0y. Aeneas u\u1ed1ng tr\u00e1i \u0111\u1ea5t<\/p>\n<p>Fusce nibh eros, varius v\u00e0 feugiat Motorcyula, eleifend et turpis. T\u00e1c gi\u1ea3 sinh b\u1ec7nh, kh\u00f4ng c\u00f3 l\u1ee3i g\u00ec t\u1ea1i thung l\u0169ng, c\u01b0\u1eddi x\u1ea5u xa v\u1eabn lu\u00f4n l\u00e0 cung, c\u0169ng kh\u00f4ng ph\u1ea3i l\u00e0 nh\u1eefng m\u0169i t\u00ean b\u1eafn xu\u1ed1ng gi\u01b0\u1eddng tra t\u1ea5n. Curabitur vitae ligula nibh. Nh\u01b0ng lu\u00f4n lu\u00f4n c\u00f3 m\u1ed9t bi\u1ebfn t\u1ed9i l\u1ed7i thu\u1ea7n t\u00fay gi\u1ed1ng nh\u01b0 tr\u01b0\u1eddng k\u1ef7 c\u1ee7a c\u00e1c th\u00e0nh vi\u00ean trong s\u1ea1ch. M\u1ed7i ch\u1eadu nh\u1eadn \u0111\u01b0\u1ee3c m\u1ed9t th\u1ebb gi\u00e1.<\/p>\n<p>Phasellus tincidunt odio tra t\u1ea5n. www.mysite.com Ngay c\u1ea3 trong s\u00e2n sau<\/p>\n","protected":false},"excerpt":{"rendered":"<p>N\u1ed7i \u0111au ch\u00ednh l\u00e0 t\u00ecnh y\u00eau Aeneas lo s\u1ee3 eros, mu\u1ed1n b\u1eaft \u0111\u1ea7u \u0111\u1ea7u t\u01b0 nh\u01b0ng eu m\u1ec1m qu\u00e1. Ai kh\u1ecfi b\u1ec7nh c\u0169ng c\u00f3 l\u00fac kh\u00f4ng ph\u1ea3i c\u1ee9 y\u00eau l\u00e0 m\u1ea1o hi\u1ec3m. \u0110\u00e3 \u0111\u1ebfn l\u00fac nh\u00ecn v\u00e0o m\u00f4i tr\u01b0\u1eddng. M\u1ecdi ng\u01b0\u1eddi \u0111\u1ec1u b\u1ecb \u00e1m \u1ea3nh b\u1edfi n\u1ed7i s\u1ee3 h\u00e3i n\u00e0y. Aeneas u\u1ed1ng tr\u00e1i \u0111\u1ea5t Fusce [&hellip;]<\/p>\n","protected":false},"author":50,"featured_media":1883,"parent":917,"menu_order":200,"comment_status":"closed","ping_status":"closed","template":"template-meeting-room.php","meta":{"footnotes":""},"categories":[],"class_list":["post-2893","page","type-page","status-publish","has-post-thumbnail","hentry"],"acf":[],"yoast_head":"<!-- This site is optimized with the Yoast SEO plugin v26.9 - https:\/\/yoast.com\/product\/yoast-seo-wordpress\/ -->\n<title>Ph\u00f2ng Beethoven - Novotel V2 demo site<\/title>\n<meta name=\"robots\" content=\"noindex, follow, max-snippet:-1, max-image-preview:large, max-video-preview:-1\" \/>\n<meta property=\"og:locale\" content=\"vi_VN\" \/>\n<meta property=\"og:type\" content=\"article\" \/>\n<meta property=\"og:title\" content=\"Ph\u00f2ng Beethoven - Novotel V2 demo site\" \/>\n<meta property=\"og:description\" content=\"N\u1ed7i \u0111au ch\u00ednh l\u00e0 t\u00ecnh y\u00eau Aeneas lo s\u1ee3 eros, mu\u1ed1n b\u1eaft \u0111\u1ea7u \u0111\u1ea7u t\u01b0 nh\u01b0ng eu m\u1ec1m qu\u00e1. Ai kh\u1ecfi b\u1ec7nh c\u0169ng c\u00f3 l\u00fac kh\u00f4ng ph\u1ea3i c\u1ee9 y\u00eau l\u00e0 m\u1ea1o hi\u1ec3m. \u0110\u00e3 \u0111\u1ebfn l\u00fac nh\u00ecn v\u00e0o m\u00f4i tr\u01b0\u1eddng. M\u1ecdi ng\u01b0\u1eddi \u0111\u1ec1u b\u1ecb \u00e1m \u1ea3nh b\u1edfi n\u1ed7i s\u1ee3 h\u00e3i n\u00e0y. Aeneas u\u1ed1ng tr\u00e1i \u0111\u1ea5t Fusce [&hellip;]\" \/>\n<meta property=\"og:url\" content=\"https:\/\/novotel.accorv2prod.decms.eu\/vi\/cac-cuoc-hop\/phong-beethoven\/\" \/>\n<meta property=\"og:site_name\" content=\"Novotel V2 demo site\" \/>\n<meta property=\"article:modified_time\" content=\"2022-07-26T07:49:10+00:00\" \/>\n<meta property=\"og:image\" content=\"https:\/\/novotel.accorv2prod.decms.eu\/wp-content\/uploads\/sites\/20\/2021\/07\/meetings_02.jpg\" \/>\n\t<meta property=\"og:image:width\" content=\"2048\" \/>\n\t<meta property=\"og:image:height\" content=\"1367\" \/>\n\t<meta property=\"og:image:type\" content=\"image\/jpeg\" \/>\n<meta name=\"twitter:card\" content=\"summary_large_image\" \/>\n<meta name=\"twitter:label1\" content=\"Est. reading time\" \/>\n\t<meta name=\"twitter:data1\" content=\"1 minute\" \/>\n<script type=\"application\/ld+json\" class=\"yoast-schema-graph\">{\"@context\":\"https:\/\/schema.org\",\"@graph\":[{\"@type\":\"WebPage\",\"@id\":\"https:\/\/novotel.accorv2prod.decms.eu\/vi\/cac-cuoc-hop\/phong-beethoven\/\",\"url\":\"https:\/\/novotel.accorv2prod.decms.eu\/vi\/cac-cuoc-hop\/phong-beethoven\/\",\"name\":\"Ph\u00f2ng Beethoven - Novotel V2 demo site\",\"isPartOf\":{\"@id\":\"https:\/\/novotel.accorv2prod.decms.eu\/#website\"},\"primaryImageOfPage\":{\"@id\":\"https:\/\/novotel.accorv2prod.decms.eu\/vi\/cac-cuoc-hop\/phong-beethoven\/#primaryimage\"},\"image\":{\"@id\":\"https:\/\/novotel.accorv2prod.decms.eu\/vi\/cac-cuoc-hop\/phong-beethoven\/#primaryimage\"},\"thumbnailUrl\":\"https:\/\/novotel.accorv2prod.decms.eu\/wp-content\/uploads\/sites\/20\/2021\/07\/meetings_02.jpg\",\"datePublished\":\"2022-07-20T13:43:27+00:00\",\"dateModified\":\"2022-07-26T07:49:10+00:00\",\"breadcrumb\":{\"@id\":\"https:\/\/novotel.accorv2prod.decms.eu\/vi\/cac-cuoc-hop\/phong-beethoven\/#breadcrumb\"},\"inLanguage\":\"vi-VN\",\"potentialAction\":[{\"@type\":\"ReadAction\",\"target\":[\"https:\/\/novotel.accorv2prod.decms.eu\/vi\/cac-cuoc-hop\/phong-beethoven\/\"]}]},{\"@type\":\"ImageObject\",\"inLanguage\":\"vi-VN\",\"@id\":\"https:\/\/novotel.accorv2prod.decms.eu\/vi\/cac-cuoc-hop\/phong-beethoven\/#primaryimage\",\"url\":\"https:\/\/novotel.accorv2prod.decms.eu\/wp-content\/uploads\/sites\/20\/2021\/07\/meetings_02.jpg\",\"contentUrl\":\"https:\/\/novotel.accorv2prod.decms.eu\/wp-content\/uploads\/sites\/20\/2021\/07\/meetings_02.jpg\",\"width\":2048,\"height\":1367,\"caption\":\"salle de r\u00e9union\"},{\"@type\":\"BreadcrumbList\",\"@id\":\"https:\/\/novotel.accorv2prod.decms.eu\/vi\/cac-cuoc-hop\/phong-beethoven\/#breadcrumb\",\"itemListElement\":[{\"@type\":\"ListItem\",\"position\":1,\"name\":\"Home\",\"item\":\"https:\/\/novotel.accorv2prod.decms.eu\/vi\/home\/\"},{\"@type\":\"ListItem\",\"position\":2,\"name\":\"C\u00e1c cu\u1ed9c h\u1ecdp\",\"item\":\"https:\/\/novotel.accorv2prod.decms.eu\/vi\/meetings\/\"},{\"@type\":\"ListItem\",\"position\":3,\"name\":\"Ph\u00f2ng Beethoven\"}]},{\"@type\":\"WebSite\",\"@id\":\"https:\/\/novotel.accorv2prod.decms.eu\/#website\",\"url\":\"https:\/\/novotel.accorv2prod.decms.eu\/\",\"name\":\"Novotel V2 demo site\",\"description\":\"Just another Matteo Canever Site Sites site\",\"potentialAction\":[{\"@type\":\"SearchAction\",\"target\":{\"@type\":\"EntryPoint\",\"urlTemplate\":\"https:\/\/novotel.accorv2prod.decms.eu\/?s={search_term_string}\"},\"query-input\":{\"@type\":\"PropertyValueSpecification\",\"valueRequired\":true,\"valueName\":\"search_term_string\"}}],\"inLanguage\":\"vi-VN\"}]}<\/script>\n<!-- \/ Yoast SEO plugin. -->","yoast_head_json":{"title":"Ph\u00f2ng Beethoven - Novotel V2 demo site","robots":{"index":"noindex","follow":"follow","max-snippet":"max-snippet:-1","max-image-preview":"max-image-preview:large","max-video-preview":"max-video-preview:-1"},"og_locale":"vi_VN","og_type":"article","og_title":"Ph\u00f2ng Beethoven - Novotel V2 demo site","og_description":"N\u1ed7i \u0111au ch\u00ednh l\u00e0 t\u00ecnh y\u00eau Aeneas lo s\u1ee3 eros, mu\u1ed1n b\u1eaft \u0111\u1ea7u \u0111\u1ea7u t\u01b0 nh\u01b0ng eu m\u1ec1m qu\u00e1. Ai kh\u1ecfi b\u1ec7nh c\u0169ng c\u00f3 l\u00fac kh\u00f4ng ph\u1ea3i c\u1ee9 y\u00eau l\u00e0 m\u1ea1o hi\u1ec3m. \u0110\u00e3 \u0111\u1ebfn l\u00fac nh\u00ecn v\u00e0o m\u00f4i tr\u01b0\u1eddng. M\u1ecdi ng\u01b0\u1eddi \u0111\u1ec1u b\u1ecb \u00e1m \u1ea3nh b\u1edfi n\u1ed7i s\u1ee3 h\u00e3i n\u00e0y. Aeneas u\u1ed1ng tr\u00e1i \u0111\u1ea5t Fusce [&hellip;]","og_url":"https:\/\/novotel.accorv2prod.decms.eu\/vi\/cac-cuoc-hop\/phong-beethoven\/","og_site_name":"Novotel V2 demo site","article_modified_time":"2022-07-26T07:49:10+00:00","og_image":[{"width":2048,"height":1367,"url":"https:\/\/novotel.accorv2prod.decms.eu\/wp-content\/uploads\/sites\/20\/2021\/07\/meetings_02.jpg","type":"image\/jpeg"}],"twitter_card":"summary_large_image","twitter_misc":{"Est. reading time":"1 minute"},"schema":{"@context":"https:\/\/schema.org","@graph":[{"@type":"WebPage","@id":"https:\/\/novotel.accorv2prod.decms.eu\/vi\/cac-cuoc-hop\/phong-beethoven\/","url":"https:\/\/novotel.accorv2prod.decms.eu\/vi\/cac-cuoc-hop\/phong-beethoven\/","name":"Ph\u00f2ng Beethoven - Novotel V2 demo site","isPartOf":{"@id":"https:\/\/novotel.accorv2prod.decms.eu\/#website"},"primaryImageOfPage":{"@id":"https:\/\/novotel.accorv2prod.decms.eu\/vi\/cac-cuoc-hop\/phong-beethoven\/#primaryimage"},"image":{"@id":"https:\/\/novotel.accorv2prod.decms.eu\/vi\/cac-cuoc-hop\/phong-beethoven\/#primaryimage"},"thumbnailUrl":"https:\/\/novotel.accorv2prod.decms.eu\/wp-content\/uploads\/sites\/20\/2021\/07\/meetings_02.jpg","datePublished":"2022-07-20T13:43:27+00:00","dateModified":"2022-07-26T07:49:10+00:00","breadcrumb":{"@id":"https:\/\/novotel.accorv2prod.decms.eu\/vi\/cac-cuoc-hop\/phong-beethoven\/#breadcrumb"},"inLanguage":"vi-VN","potentialAction":[{"@type":"ReadAction","target":["https:\/\/novotel.accorv2prod.decms.eu\/vi\/cac-cuoc-hop\/phong-beethoven\/"]}]},{"@type":"ImageObject","inLanguage":"vi-VN","@id":"https:\/\/novotel.accorv2prod.decms.eu\/vi\/cac-cuoc-hop\/phong-beethoven\/#primaryimage","url":"https:\/\/novotel.accorv2prod.decms.eu\/wp-content\/uploads\/sites\/20\/2021\/07\/meetings_02.jpg","contentUrl":"https:\/\/novotel.accorv2prod.decms.eu\/wp-content\/uploads\/sites\/20\/2021\/07\/meetings_02.jpg","width":2048,"height":1367,"caption":"salle de r\u00e9union"},{"@type":"BreadcrumbList","@id":"https:\/\/novotel.accorv2prod.decms.eu\/vi\/cac-cuoc-hop\/phong-beethoven\/#breadcrumb","itemListElement":[{"@type":"ListItem","position":1,"name":"Home","item":"https:\/\/novotel.accorv2prod.decms.eu\/vi\/home\/"},{"@type":"ListItem","position":2,"name":"C\u00e1c cu\u1ed9c h\u1ecdp","item":"https:\/\/novotel.accorv2prod.decms.eu\/vi\/meetings\/"},{"@type":"ListItem","position":3,"name":"Ph\u00f2ng Beethoven"}]},{"@type":"WebSite","@id":"https:\/\/novotel.accorv2prod.decms.eu\/#website","url":"https:\/\/novotel.accorv2prod.decms.eu\/","name":"Novotel V2 demo site","description":"Just another Matteo Canever Site Sites site","potentialAction":[{"@type":"SearchAction","target":{"@type":"EntryPoint","urlTemplate":"https:\/\/novotel.accorv2prod.decms.eu\/?s={search_term_string}"},"query-input":{"@type":"PropertyValueSpecification","valueRequired":true,"valueName":"search_term_string"}}],"inLanguage":"vi-VN"}]}},"_links":{"self":[{"href":"https:\/\/novotel.accorv2prod.decms.eu\/vi\/wp-json\/wp\/v2\/pages\/2893","targetHints":{"allow":["GET"]}}],"collection":[{"href":"https:\/\/novotel.accorv2prod.decms.eu\/vi\/wp-json\/wp\/v2\/pages"}],"about":[{"href":"https:\/\/novotel.accorv2prod.decms.eu\/vi\/wp-json\/wp\/v2\/types\/page"}],"author":[{"embeddable":true,"href":"https:\/\/novotel.accorv2prod.decms.eu\/vi\/wp-json\/wp\/v2\/users\/50"}],"replies":[{"embeddable":true,"href":"https:\/\/novotel.accorv2prod.decms.eu\/vi\/wp-json\/wp\/v2\/comments?post=2893"}],"version-history":[{"count":0,"href":"https:\/\/novotel.accorv2prod.decms.eu\/vi\/wp-json\/wp\/v2\/pages\/2893\/revisions"}],"up":[{"embeddable":true,"href":"https:\/\/novotel.accorv2prod.decms.eu\/vi\/wp-json\/wp\/v2\/pages\/917"}],"wp:featuredmedia":[{"embeddable":true,"href":"https:\/\/novotel.accorv2prod.decms.eu\/vi\/wp-json\/wp\/v2\/media\/1883"}],"wp:attachment":[{"href":"https:\/\/novotel.accorv2prod.decms.eu\/vi\/wp-json\/wp\/v2\/media?parent=2893"}],"wp:term":[{"taxonomy":"category","embeddable":true,"href":"https:\/\/novotel.accorv2prod.decms.eu\/vi\/wp-json\/wp\/v2\/categories?post=2893"}],"curies":[{"name":"wp","href":"https:\/\/api.w.org\/{rel}","templated":true}]}}