{"id":901,"date":"2021-06-30T15:42:43","date_gmt":"2021-06-30T15:42:43","guid":{"rendered":"https:\/\/novotel.accorv2prod.decms.eu\/?page_id=901"},"modified":"2022-07-21T17:35:19","modified_gmt":"2022-07-21T17:35:19","slug":"about-us","status":"publish","type":"page","link":"https:\/\/novotel.accorv2prod.decms.eu\/vi\/about-us\/","title":{"rendered":"V\u1ec1 ch\u00fang t\u00f4i"},"content":{"rendered":"<p>Lorem ipsum dolor sit amet, consectetur adipiscing elit. Jasmine eros, ngh\u00e8o \u0111\u00f3i v\u00e0 c\u00e1c nh\u00e0 ph\u00e1t tri\u1ec3n b\u1ea5t \u0111\u1ed9ng s\u1ea3n, tuy\u00ean truy\u1ec1n b\u00f3ng \u0111\u00e1 m\u1ec1m. M\u1ed9t kh\u00e1ch h\u00e0ng lu\u00f4n lu\u00f4n mi\u1ec5n ph\u00ed nh\u01b0ng \u0111\u00f4i khi c\u00e0 r\u1ed1t ho\u1eb7c c\u00e0 r\u1ed1t s\u1ed1 l\u01b0\u1ee3ng l\u1edbn. C\u00e1i nh\u00ecn m\u1edbi nh\u1ea5t v\u1ec1 n\u00f3. Quisque id metus sapien. Jasmine u\u1ed1ng v\u00f9ng v\u1edbi m\u00f3n salad, nh\u01b0ng c\u00e1c y\u1ebfu t\u1ed1 th\u1eddi gian ph\u00e1t tri\u1ec3n eu.<\/p>\n<p>Magna quis nibh eros, xe c\u1ed9 \u0111a d\u1ea1ng, v\u00e0 feugiat, Nh\u1eadt B\u1ea3n v\u00e0 nh\u1eefng k\u1ebb x\u1ea5u x\u00ed. N\u1eb7ng h\u01a1n n\u1eefa, b\u00f4i tr\u01a1n, b\u00ecm b\u00ecm bi\u1ebfc, b\u00ecm b\u1ecbp (turpis risus Phasellus pede id magna), b\u1ecd hung porttitor dictum lectus sagittis diam. Curabitur vitae ligula nibh. Tuy nhi\u00ean, lu\u00f4n c\u00f3 m\u1ed9t lo\u1ea1i \u1edbt s\u00f4 c\u00f4 la \u0111a d\u1ea1ng nh\u01b0 c\u00e1c th\u00e0nh vi\u00ean b\u00f3ng chuy\u1ec1n. M\u1ed7i chuy\u1ebfn tham quan c\u00f3 ch\u1eadu c\u00e0 r\u1ed1t m\u00e0u cam.<\/p>\n<p>Nunc fermentum h\u1eadn th\u00f9 nhi\u1ec7t \u0111\u1ed9. Ngay c\u1ea3 www.mysite.com \u0111au \u0111\u01b0\u1eddng k\u00ednh, t\u1ea1o \u0111i\u1ec1u ki\u1ec7n cho cu\u1ed9c s\u1ed1ng nhi\u1ec7t, b\u00f3ng r\u1ed5 v\u00e0 kh\u00f4n ngoan.<\/p>\n","protected":false},"excerpt":{"rendered":"<p>Lorem ipsum dolor sit amet, consectetur adipiscing elit. Jasmine eros, ngh\u00e8o \u0111\u00f3i v\u00e0 c\u00e1c nh\u00e0 ph\u00e1t tri\u1ec3n b\u1ea5t \u0111\u1ed9ng s\u1ea3n, tuy\u00ean truy\u1ec1n b\u00f3ng \u0111\u00e1 m\u1ec1m. M\u1ed9t kh\u00e1ch h\u00e0ng lu\u00f4n lu\u00f4n mi\u1ec5n ph\u00ed nh\u01b0ng \u0111\u00f4i khi c\u00e0 r\u1ed1t ho\u1eb7c c\u00e0 r\u1ed1t s\u1ed1 l\u01b0\u1ee3ng l\u1edbn. C\u00e1i nh\u00ecn m\u1edbi nh\u1ea5t v\u1ec1 n\u00f3. Quisque id metus sapien. Jasmine u\u1ed1ng [&hellip;]<\/p>\n","protected":false},"author":2,"featured_media":2800,"parent":0,"menu_order":100,"comment_status":"closed","ping_status":"closed","template":"","meta":{"footnotes":""},"categories":[],"class_list":["post-901","page","type-page","status-publish","has-post-thumbnail","hentry"],"acf":[],"yoast_head":"<!-- This site is optimized with the Yoast SEO plugin v26.9 - https:\/\/yoast.com\/product\/yoast-seo-wordpress\/ -->\n<title>V\u1ec1 ch\u00fang t\u00f4i - Novotel V2 demo site<\/title>\n<meta name=\"robots\" content=\"noindex, follow, max-snippet:-1, max-image-preview:large, max-video-preview:-1\" \/>\n<meta property=\"og:locale\" content=\"vi_VN\" \/>\n<meta property=\"og:type\" content=\"article\" \/>\n<meta property=\"og:title\" content=\"V\u1ec1 ch\u00fang t\u00f4i - Novotel V2 demo site\" \/>\n<meta property=\"og:description\" content=\"Lorem ipsum dolor sit amet, consectetur adipiscing elit. Jasmine eros, ngh\u00e8o \u0111\u00f3i v\u00e0 c\u00e1c nh\u00e0 ph\u00e1t tri\u1ec3n b\u1ea5t \u0111\u1ed9ng s\u1ea3n, tuy\u00ean truy\u1ec1n b\u00f3ng \u0111\u00e1 m\u1ec1m. M\u1ed9t kh\u00e1ch h\u00e0ng lu\u00f4n lu\u00f4n mi\u1ec5n ph\u00ed nh\u01b0ng \u0111\u00f4i khi c\u00e0 r\u1ed1t ho\u1eb7c c\u00e0 r\u1ed1t s\u1ed1 l\u01b0\u1ee3ng l\u1edbn. C\u00e1i nh\u00ecn m\u1edbi nh\u1ea5t v\u1ec1 n\u00f3. Quisque id metus sapien. Jasmine u\u1ed1ng [&hellip;]\" \/>\n<meta property=\"og:url\" content=\"https:\/\/novotel.accorv2prod.decms.eu\/vi\/about-us\/\" \/>\n<meta property=\"og:site_name\" content=\"Novotel V2 demo site\" \/>\n<meta property=\"article:modified_time\" content=\"2022-07-21T17:35:19+00:00\" \/>\n<meta property=\"og:image\" content=\"https:\/\/novotel.accorv2prod.decms.eu\/wp-content\/uploads\/sites\/20\/2022\/07\/images.jpg\" \/>\n\t<meta property=\"og:image:width\" content=\"318\" \/>\n\t<meta property=\"og:image:height\" content=\"159\" \/>\n\t<meta property=\"og:image:type\" content=\"image\/jpeg\" \/>\n<meta name=\"twitter:card\" content=\"summary_large_image\" \/>\n<meta name=\"twitter:label1\" content=\"Est. reading time\" \/>\n\t<meta name=\"twitter:data1\" content=\"1 minute\" \/>\n<script type=\"application\/ld+json\" class=\"yoast-schema-graph\">{\"@context\":\"https:\/\/schema.org\",\"@graph\":[{\"@type\":\"WebPage\",\"@id\":\"https:\/\/novotel.accorv2prod.decms.eu\/vi\/about-us\/\",\"url\":\"https:\/\/novotel.accorv2prod.decms.eu\/vi\/about-us\/\",\"name\":\"V\u1ec1 ch\u00fang t\u00f4i - Novotel V2 demo site\",\"isPartOf\":{\"@id\":\"https:\/\/novotel.accorv2prod.decms.eu\/#website\"},\"primaryImageOfPage\":{\"@id\":\"https:\/\/novotel.accorv2prod.decms.eu\/vi\/about-us\/#primaryimage\"},\"image\":{\"@id\":\"https:\/\/novotel.accorv2prod.decms.eu\/vi\/about-us\/#primaryimage\"},\"thumbnailUrl\":\"https:\/\/novotel.accorv2prod.decms.eu\/wp-content\/uploads\/sites\/20\/2022\/07\/images.jpg\",\"datePublished\":\"2021-06-30T15:42:43+00:00\",\"dateModified\":\"2022-07-21T17:35:19+00:00\",\"breadcrumb\":{\"@id\":\"https:\/\/novotel.accorv2prod.decms.eu\/vi\/about-us\/#breadcrumb\"},\"inLanguage\":\"vi-VN\",\"potentialAction\":[{\"@type\":\"ReadAction\",\"target\":[\"https:\/\/novotel.accorv2prod.decms.eu\/vi\/about-us\/\"]}]},{\"@type\":\"ImageObject\",\"inLanguage\":\"vi-VN\",\"@id\":\"https:\/\/novotel.accorv2prod.decms.eu\/vi\/about-us\/#primaryimage\",\"url\":\"https:\/\/novotel.accorv2prod.decms.eu\/wp-content\/uploads\/sites\/20\/2022\/07\/images.jpg\",\"contentUrl\":\"https:\/\/novotel.accorv2prod.decms.eu\/wp-content\/uploads\/sites\/20\/2022\/07\/images.jpg\",\"width\":318,\"height\":159},{\"@type\":\"BreadcrumbList\",\"@id\":\"https:\/\/novotel.accorv2prod.decms.eu\/vi\/about-us\/#breadcrumb\",\"itemListElement\":[{\"@type\":\"ListItem\",\"position\":1,\"name\":\"Home\",\"item\":\"https:\/\/novotel.accorv2prod.decms.eu\/vi\/home\/\"},{\"@type\":\"ListItem\",\"position\":2,\"name\":\"V\u1ec1 ch\u00fang t\u00f4i\"}]},{\"@type\":\"WebSite\",\"@id\":\"https:\/\/novotel.accorv2prod.decms.eu\/#website\",\"url\":\"https:\/\/novotel.accorv2prod.decms.eu\/\",\"name\":\"Novotel V2 demo site\",\"description\":\"Just another Matteo Canever Site Sites site\",\"potentialAction\":[{\"@type\":\"SearchAction\",\"target\":{\"@type\":\"EntryPoint\",\"urlTemplate\":\"https:\/\/novotel.accorv2prod.decms.eu\/?s={search_term_string}\"},\"query-input\":{\"@type\":\"PropertyValueSpecification\",\"valueRequired\":true,\"valueName\":\"search_term_string\"}}],\"inLanguage\":\"vi-VN\"}]}<\/script>\n<!-- \/ Yoast SEO plugin. -->","yoast_head_json":{"title":"V\u1ec1 ch\u00fang t\u00f4i - Novotel V2 demo site","robots":{"index":"noindex","follow":"follow","max-snippet":"max-snippet:-1","max-image-preview":"max-image-preview:large","max-video-preview":"max-video-preview:-1"},"og_locale":"vi_VN","og_type":"article","og_title":"V\u1ec1 ch\u00fang t\u00f4i - Novotel V2 demo site","og_description":"Lorem ipsum dolor sit amet, consectetur adipiscing elit. Jasmine eros, ngh\u00e8o \u0111\u00f3i v\u00e0 c\u00e1c nh\u00e0 ph\u00e1t tri\u1ec3n b\u1ea5t \u0111\u1ed9ng s\u1ea3n, tuy\u00ean truy\u1ec1n b\u00f3ng \u0111\u00e1 m\u1ec1m. M\u1ed9t kh\u00e1ch h\u00e0ng lu\u00f4n lu\u00f4n mi\u1ec5n ph\u00ed nh\u01b0ng \u0111\u00f4i khi c\u00e0 r\u1ed1t ho\u1eb7c c\u00e0 r\u1ed1t s\u1ed1 l\u01b0\u1ee3ng l\u1edbn. C\u00e1i nh\u00ecn m\u1edbi nh\u1ea5t v\u1ec1 n\u00f3. Quisque id metus sapien. Jasmine u\u1ed1ng [&hellip;]","og_url":"https:\/\/novotel.accorv2prod.decms.eu\/vi\/about-us\/","og_site_name":"Novotel V2 demo site","article_modified_time":"2022-07-21T17:35:19+00:00","og_image":[{"width":318,"height":159,"url":"https:\/\/novotel.accorv2prod.decms.eu\/wp-content\/uploads\/sites\/20\/2022\/07\/images.jpg","type":"image\/jpeg"}],"twitter_card":"summary_large_image","twitter_misc":{"Est. reading time":"1 minute"},"schema":{"@context":"https:\/\/schema.org","@graph":[{"@type":"WebPage","@id":"https:\/\/novotel.accorv2prod.decms.eu\/vi\/about-us\/","url":"https:\/\/novotel.accorv2prod.decms.eu\/vi\/about-us\/","name":"V\u1ec1 ch\u00fang t\u00f4i - Novotel V2 demo site","isPartOf":{"@id":"https:\/\/novotel.accorv2prod.decms.eu\/#website"},"primaryImageOfPage":{"@id":"https:\/\/novotel.accorv2prod.decms.eu\/vi\/about-us\/#primaryimage"},"image":{"@id":"https:\/\/novotel.accorv2prod.decms.eu\/vi\/about-us\/#primaryimage"},"thumbnailUrl":"https:\/\/novotel.accorv2prod.decms.eu\/wp-content\/uploads\/sites\/20\/2022\/07\/images.jpg","datePublished":"2021-06-30T15:42:43+00:00","dateModified":"2022-07-21T17:35:19+00:00","breadcrumb":{"@id":"https:\/\/novotel.accorv2prod.decms.eu\/vi\/about-us\/#breadcrumb"},"inLanguage":"vi-VN","potentialAction":[{"@type":"ReadAction","target":["https:\/\/novotel.accorv2prod.decms.eu\/vi\/about-us\/"]}]},{"@type":"ImageObject","inLanguage":"vi-VN","@id":"https:\/\/novotel.accorv2prod.decms.eu\/vi\/about-us\/#primaryimage","url":"https:\/\/novotel.accorv2prod.decms.eu\/wp-content\/uploads\/sites\/20\/2022\/07\/images.jpg","contentUrl":"https:\/\/novotel.accorv2prod.decms.eu\/wp-content\/uploads\/sites\/20\/2022\/07\/images.jpg","width":318,"height":159},{"@type":"BreadcrumbList","@id":"https:\/\/novotel.accorv2prod.decms.eu\/vi\/about-us\/#breadcrumb","itemListElement":[{"@type":"ListItem","position":1,"name":"Home","item":"https:\/\/novotel.accorv2prod.decms.eu\/vi\/home\/"},{"@type":"ListItem","position":2,"name":"V\u1ec1 ch\u00fang t\u00f4i"}]},{"@type":"WebSite","@id":"https:\/\/novotel.accorv2prod.decms.eu\/#website","url":"https:\/\/novotel.accorv2prod.decms.eu\/","name":"Novotel V2 demo site","description":"Just another Matteo Canever Site Sites site","potentialAction":[{"@type":"SearchAction","target":{"@type":"EntryPoint","urlTemplate":"https:\/\/novotel.accorv2prod.decms.eu\/?s={search_term_string}"},"query-input":{"@type":"PropertyValueSpecification","valueRequired":true,"valueName":"search_term_string"}}],"inLanguage":"vi-VN"}]}},"_links":{"self":[{"href":"https:\/\/novotel.accorv2prod.decms.eu\/vi\/wp-json\/wp\/v2\/pages\/901","targetHints":{"allow":["GET"]}}],"collection":[{"href":"https:\/\/novotel.accorv2prod.decms.eu\/vi\/wp-json\/wp\/v2\/pages"}],"about":[{"href":"https:\/\/novotel.accorv2prod.decms.eu\/vi\/wp-json\/wp\/v2\/types\/page"}],"author":[{"embeddable":true,"href":"https:\/\/novotel.accorv2prod.decms.eu\/vi\/wp-json\/wp\/v2\/users\/2"}],"replies":[{"embeddable":true,"href":"https:\/\/novotel.accorv2prod.decms.eu\/vi\/wp-json\/wp\/v2\/comments?post=901"}],"version-history":[{"count":0,"href":"https:\/\/novotel.accorv2prod.decms.eu\/vi\/wp-json\/wp\/v2\/pages\/901\/revisions"}],"wp:featuredmedia":[{"embeddable":true,"href":"https:\/\/novotel.accorv2prod.decms.eu\/vi\/wp-json\/wp\/v2\/media\/2800"}],"wp:attachment":[{"href":"https:\/\/novotel.accorv2prod.decms.eu\/vi\/wp-json\/wp\/v2\/media?parent=901"}],"wp:term":[{"taxonomy":"category","embeddable":true,"href":"https:\/\/novotel.accorv2prod.decms.eu\/vi\/wp-json\/wp\/v2\/categories?post=901"}],"curies":[{"name":"wp","href":"https:\/\/api.w.org\/{rel}","templated":true}]}}