{"id":922,"date":"2021-07-01T08:44:06","date_gmt":"2021-07-01T08:44:06","guid":{"rendered":"https:\/\/novotel.accorv2prod.decms.eu\/?page_id=922"},"modified":"2022-07-18T13:11:07","modified_gmt":"2022-07-18T13:11:07","slug":"portosino-restaurant","status":"publish","type":"page","link":"https:\/\/novotel.accorv2prod.decms.eu\/vi\/restaurants-bars\/portosino-restaurant\/","title":{"rendered":"Nh\u00e0 h\u00e0ng Portosino"},"content":{"rendered":"<p dir=\"auto\">Ng\u1eabu h\u1ee9ng th\u00ec th\u00fa v\u1ecb, nh\u01b0ng \u0111\u00f4i khi m\u1ed9t ch\u00fat \u201ck\u1ebf ho\u1ea1ch\u201d s\u1ebd gi\u00fap ch\u00fang ta lo\u1ea1i b\u1ecf \u0111\u01b0\u1ee3c r\u1ee7i ro, v\u00e0 t\u1eeb \u0111\u00f3 tho\u1ea3i m\u00e1i tr\u1ea3i nghi\u1ec7m h\u01a1n.\u00a0S\u1ebd \u0111\u1ebfn l\u00fac h\u1ed9i h\u1ecdp b\u1ea1n b\u00e8 hay b\u1ea5t ch\u1ee3t ng\u01b0\u1eddi th\u01b0\u01a1ng mu\u1ed1n th\u01b0\u1edfng th\u1ee9c g\u00ec \u0111\u00f3 th\u1eadt ngon. S\u1edf h\u1eefu tr\u01b0\u1edbc nh\u1eefng Phi\u1ebfu voucher \u1ea9m th\u1ef1c t\u1ea1i H\u00f4tel des Arts Saigon s\u1ebd \u0111\u1ea3m b\u1ea3o b\u1ea1n lu\u00f4n s\u1eb5n s\u00e0ng trong m\u1ecdi t\u00ecnh hu\u1ed1ng!<\/p>\n<p>C\u00e1c Phi\u1ebfu voucher \u1ea9m th\u1ef1c c\u00f3 c\u00e1c m\u1ec7nh gi\u00e1 500,000 \u0111\u1ed3ng, 1 tri\u1ec7u \u0111\u1ed3ng v\u00e0 2 tri\u1ec7u \u0111\u1ed3ng v\u00e0 \u0111\u01b0\u1ee3c \u00e1p d\u1ee5ng cho t\u1ea5t c\u1ea3 c\u00e1c d\u1ecbch v\u1ee5 \u1ea9m th\u1ef1c trong kh\u00e1ch s\u1ea1n.<\/p>\n<p>Phi\u1ebfu voucher c\u00f3 th\u1ec3 \u0111\u01b0\u1ee3c mua tr\u1ef1c ti\u1ebfp t\u1ea1i qu\u1ea7y l\u1ec5 t\u00e2n c\u1ee7a kh\u00e1ch s\u1ea1n.<\/p>\n","protected":false},"excerpt":{"rendered":"<p>Ng\u1eabu h\u1ee9ng th\u00ec th\u00fa v\u1ecb, nh\u01b0ng \u0111\u00f4i khi m\u1ed9t ch\u00fat \u201ck\u1ebf ho\u1ea1ch\u201d s\u1ebd gi\u00fap ch\u00fang ta lo\u1ea1i b\u1ecf \u0111\u01b0\u1ee3c r\u1ee7i ro, v\u00e0 t\u1eeb \u0111\u00f3 tho\u1ea3i m\u00e1i tr\u1ea3i nghi\u1ec7m h\u01a1n.\u00a0S\u1ebd \u0111\u1ebfn l\u00fac h\u1ed9i h\u1ecdp b\u1ea1n b\u00e8 hay b\u1ea5t ch\u1ee3t ng\u01b0\u1eddi th\u01b0\u01a1ng mu\u1ed1n th\u01b0\u1edfng th\u1ee9c g\u00ec \u0111\u00f3 th\u1eadt ngon. S\u1edf h\u1eefu tr\u01b0\u1edbc nh\u1eefng Phi\u1ebfu voucher \u1ea9m th\u1ef1c [&hellip;]<\/p>\n","protected":false},"author":2,"featured_media":217,"parent":920,"menu_order":0,"comment_status":"closed","ping_status":"closed","template":"template-restaurant.php","meta":{"footnotes":""},"categories":[273],"class_list":["post-922","page","type-page","status-publish","has-post-thumbnail","hentry","category-cac-nha-hang"],"acf":[],"yoast_head":"<!-- This site is optimized with the Yoast SEO plugin v26.9 - https:\/\/yoast.com\/product\/yoast-seo-wordpress\/ -->\n<title>Nh\u00e0 h\u00e0ng Portosino - Novotel V2 demo site<\/title>\n<meta name=\"robots\" content=\"noindex, follow, max-snippet:-1, max-image-preview:large, max-video-preview:-1\" \/>\n<meta property=\"og:locale\" content=\"vi_VN\" \/>\n<meta property=\"og:type\" content=\"article\" \/>\n<meta property=\"og:title\" content=\"Nh\u00e0 h\u00e0ng Portosino - Novotel V2 demo site\" \/>\n<meta property=\"og:description\" content=\"Ng\u1eabu h\u1ee9ng th\u00ec th\u00fa v\u1ecb, nh\u01b0ng \u0111\u00f4i khi m\u1ed9t ch\u00fat \u201ck\u1ebf ho\u1ea1ch\u201d s\u1ebd gi\u00fap ch\u00fang ta lo\u1ea1i b\u1ecf \u0111\u01b0\u1ee3c r\u1ee7i ro, v\u00e0 t\u1eeb \u0111\u00f3 tho\u1ea3i m\u00e1i tr\u1ea3i nghi\u1ec7m h\u01a1n.\u00a0S\u1ebd \u0111\u1ebfn l\u00fac h\u1ed9i h\u1ecdp b\u1ea1n b\u00e8 hay b\u1ea5t ch\u1ee3t ng\u01b0\u1eddi th\u01b0\u01a1ng mu\u1ed1n th\u01b0\u1edfng th\u1ee9c g\u00ec \u0111\u00f3 th\u1eadt ngon. S\u1edf h\u1eefu tr\u01b0\u1edbc nh\u1eefng Phi\u1ebfu voucher \u1ea9m th\u1ef1c [&hellip;]\" \/>\n<meta property=\"og:url\" content=\"https:\/\/novotel.accorv2prod.decms.eu\/vi\/restaurants-bars\/portosino-restaurant\/\" \/>\n<meta property=\"og:site_name\" content=\"Novotel V2 demo site\" \/>\n<meta property=\"article:modified_time\" content=\"2022-07-18T13:11:07+00:00\" \/>\n<meta property=\"og:image\" content=\"https:\/\/novotel.accorv2prod.decms.eu\/wp-content\/uploads\/sites\/20\/2021\/06\/restaurant.jpg\" \/>\n\t<meta property=\"og:image:width\" content=\"1799\" \/>\n\t<meta property=\"og:image:height\" content=\"1200\" \/>\n\t<meta property=\"og:image:type\" content=\"image\/jpeg\" \/>\n<meta name=\"twitter:card\" content=\"summary_large_image\" \/>\n<meta name=\"twitter:label1\" content=\"Est. reading time\" \/>\n\t<meta name=\"twitter:data1\" content=\"1 minute\" \/>\n<script type=\"application\/ld+json\" class=\"yoast-schema-graph\">{\"@context\":\"https:\/\/schema.org\",\"@graph\":[{\"@type\":\"WebPage\",\"@id\":\"https:\/\/novotel.accorv2prod.decms.eu\/vi\/restaurants-bars\/portosino-restaurant\/\",\"url\":\"https:\/\/novotel.accorv2prod.decms.eu\/vi\/restaurants-bars\/portosino-restaurant\/\",\"name\":\"Nh\u00e0 h\u00e0ng Portosino - Novotel V2 demo site\",\"isPartOf\":{\"@id\":\"https:\/\/novotel.accorv2prod.decms.eu\/#website\"},\"primaryImageOfPage\":{\"@id\":\"https:\/\/novotel.accorv2prod.decms.eu\/vi\/restaurants-bars\/portosino-restaurant\/#primaryimage\"},\"image\":{\"@id\":\"https:\/\/novotel.accorv2prod.decms.eu\/vi\/restaurants-bars\/portosino-restaurant\/#primaryimage\"},\"thumbnailUrl\":\"https:\/\/novotel.accorv2prod.decms.eu\/wp-content\/uploads\/sites\/20\/2021\/06\/restaurant.jpg\",\"datePublished\":\"2021-07-01T08:44:06+00:00\",\"dateModified\":\"2022-07-18T13:11:07+00:00\",\"breadcrumb\":{\"@id\":\"https:\/\/novotel.accorv2prod.decms.eu\/vi\/restaurants-bars\/portosino-restaurant\/#breadcrumb\"},\"inLanguage\":\"vi-VN\",\"potentialAction\":[{\"@type\":\"ReadAction\",\"target\":[\"https:\/\/novotel.accorv2prod.decms.eu\/vi\/restaurants-bars\/portosino-restaurant\/\"]}]},{\"@type\":\"ImageObject\",\"inLanguage\":\"vi-VN\",\"@id\":\"https:\/\/novotel.accorv2prod.decms.eu\/vi\/restaurants-bars\/portosino-restaurant\/#primaryimage\",\"url\":\"https:\/\/novotel.accorv2prod.decms.eu\/wp-content\/uploads\/sites\/20\/2021\/06\/restaurant.jpg\",\"contentUrl\":\"https:\/\/novotel.accorv2prod.decms.eu\/wp-content\/uploads\/sites\/20\/2021\/06\/restaurant.jpg\",\"width\":1799,\"height\":1200},{\"@type\":\"BreadcrumbList\",\"@id\":\"https:\/\/novotel.accorv2prod.decms.eu\/vi\/restaurants-bars\/portosino-restaurant\/#breadcrumb\",\"itemListElement\":[{\"@type\":\"ListItem\",\"position\":1,\"name\":\"Home\",\"item\":\"https:\/\/novotel.accorv2prod.decms.eu\/vi\/home\/\"},{\"@type\":\"ListItem\",\"position\":2,\"name\":\"Nh\u00e0 h\u00e0ng &#038; Qu\u00e1n bar\",\"item\":\"https:\/\/novotel.accorv2prod.decms.eu\/vi\/restaurants-bars\/\"},{\"@type\":\"ListItem\",\"position\":3,\"name\":\"Nh\u00e0 h\u00e0ng Portosino\"}]},{\"@type\":\"WebSite\",\"@id\":\"https:\/\/novotel.accorv2prod.decms.eu\/#website\",\"url\":\"https:\/\/novotel.accorv2prod.decms.eu\/\",\"name\":\"Novotel V2 demo site\",\"description\":\"Just another Matteo Canever Site Sites site\",\"potentialAction\":[{\"@type\":\"SearchAction\",\"target\":{\"@type\":\"EntryPoint\",\"urlTemplate\":\"https:\/\/novotel.accorv2prod.decms.eu\/?s={search_term_string}\"},\"query-input\":{\"@type\":\"PropertyValueSpecification\",\"valueRequired\":true,\"valueName\":\"search_term_string\"}}],\"inLanguage\":\"vi-VN\"}]}<\/script>\n<!-- \/ Yoast SEO plugin. -->","yoast_head_json":{"title":"Nh\u00e0 h\u00e0ng Portosino - Novotel V2 demo site","robots":{"index":"noindex","follow":"follow","max-snippet":"max-snippet:-1","max-image-preview":"max-image-preview:large","max-video-preview":"max-video-preview:-1"},"og_locale":"vi_VN","og_type":"article","og_title":"Nh\u00e0 h\u00e0ng Portosino - Novotel V2 demo site","og_description":"Ng\u1eabu h\u1ee9ng th\u00ec th\u00fa v\u1ecb, nh\u01b0ng \u0111\u00f4i khi m\u1ed9t ch\u00fat \u201ck\u1ebf ho\u1ea1ch\u201d s\u1ebd gi\u00fap ch\u00fang ta lo\u1ea1i b\u1ecf \u0111\u01b0\u1ee3c r\u1ee7i ro, v\u00e0 t\u1eeb \u0111\u00f3 tho\u1ea3i m\u00e1i tr\u1ea3i nghi\u1ec7m h\u01a1n.\u00a0S\u1ebd \u0111\u1ebfn l\u00fac h\u1ed9i h\u1ecdp b\u1ea1n b\u00e8 hay b\u1ea5t ch\u1ee3t ng\u01b0\u1eddi th\u01b0\u01a1ng mu\u1ed1n th\u01b0\u1edfng th\u1ee9c g\u00ec \u0111\u00f3 th\u1eadt ngon. S\u1edf h\u1eefu tr\u01b0\u1edbc nh\u1eefng Phi\u1ebfu voucher \u1ea9m th\u1ef1c [&hellip;]","og_url":"https:\/\/novotel.accorv2prod.decms.eu\/vi\/restaurants-bars\/portosino-restaurant\/","og_site_name":"Novotel V2 demo site","article_modified_time":"2022-07-18T13:11:07+00:00","og_image":[{"width":1799,"height":1200,"url":"https:\/\/novotel.accorv2prod.decms.eu\/wp-content\/uploads\/sites\/20\/2021\/06\/restaurant.jpg","type":"image\/jpeg"}],"twitter_card":"summary_large_image","twitter_misc":{"Est. reading time":"1 minute"},"schema":{"@context":"https:\/\/schema.org","@graph":[{"@type":"WebPage","@id":"https:\/\/novotel.accorv2prod.decms.eu\/vi\/restaurants-bars\/portosino-restaurant\/","url":"https:\/\/novotel.accorv2prod.decms.eu\/vi\/restaurants-bars\/portosino-restaurant\/","name":"Nh\u00e0 h\u00e0ng Portosino - Novotel V2 demo site","isPartOf":{"@id":"https:\/\/novotel.accorv2prod.decms.eu\/#website"},"primaryImageOfPage":{"@id":"https:\/\/novotel.accorv2prod.decms.eu\/vi\/restaurants-bars\/portosino-restaurant\/#primaryimage"},"image":{"@id":"https:\/\/novotel.accorv2prod.decms.eu\/vi\/restaurants-bars\/portosino-restaurant\/#primaryimage"},"thumbnailUrl":"https:\/\/novotel.accorv2prod.decms.eu\/wp-content\/uploads\/sites\/20\/2021\/06\/restaurant.jpg","datePublished":"2021-07-01T08:44:06+00:00","dateModified":"2022-07-18T13:11:07+00:00","breadcrumb":{"@id":"https:\/\/novotel.accorv2prod.decms.eu\/vi\/restaurants-bars\/portosino-restaurant\/#breadcrumb"},"inLanguage":"vi-VN","potentialAction":[{"@type":"ReadAction","target":["https:\/\/novotel.accorv2prod.decms.eu\/vi\/restaurants-bars\/portosino-restaurant\/"]}]},{"@type":"ImageObject","inLanguage":"vi-VN","@id":"https:\/\/novotel.accorv2prod.decms.eu\/vi\/restaurants-bars\/portosino-restaurant\/#primaryimage","url":"https:\/\/novotel.accorv2prod.decms.eu\/wp-content\/uploads\/sites\/20\/2021\/06\/restaurant.jpg","contentUrl":"https:\/\/novotel.accorv2prod.decms.eu\/wp-content\/uploads\/sites\/20\/2021\/06\/restaurant.jpg","width":1799,"height":1200},{"@type":"BreadcrumbList","@id":"https:\/\/novotel.accorv2prod.decms.eu\/vi\/restaurants-bars\/portosino-restaurant\/#breadcrumb","itemListElement":[{"@type":"ListItem","position":1,"name":"Home","item":"https:\/\/novotel.accorv2prod.decms.eu\/vi\/home\/"},{"@type":"ListItem","position":2,"name":"Nh\u00e0 h\u00e0ng &#038; Qu\u00e1n bar","item":"https:\/\/novotel.accorv2prod.decms.eu\/vi\/restaurants-bars\/"},{"@type":"ListItem","position":3,"name":"Nh\u00e0 h\u00e0ng Portosino"}]},{"@type":"WebSite","@id":"https:\/\/novotel.accorv2prod.decms.eu\/#website","url":"https:\/\/novotel.accorv2prod.decms.eu\/","name":"Novotel V2 demo site","description":"Just another Matteo Canever Site Sites site","potentialAction":[{"@type":"SearchAction","target":{"@type":"EntryPoint","urlTemplate":"https:\/\/novotel.accorv2prod.decms.eu\/?s={search_term_string}"},"query-input":{"@type":"PropertyValueSpecification","valueRequired":true,"valueName":"search_term_string"}}],"inLanguage":"vi-VN"}]}},"_links":{"self":[{"href":"https:\/\/novotel.accorv2prod.decms.eu\/vi\/wp-json\/wp\/v2\/pages\/922","targetHints":{"allow":["GET"]}}],"collection":[{"href":"https:\/\/novotel.accorv2prod.decms.eu\/vi\/wp-json\/wp\/v2\/pages"}],"about":[{"href":"https:\/\/novotel.accorv2prod.decms.eu\/vi\/wp-json\/wp\/v2\/types\/page"}],"author":[{"embeddable":true,"href":"https:\/\/novotel.accorv2prod.decms.eu\/vi\/wp-json\/wp\/v2\/users\/2"}],"replies":[{"embeddable":true,"href":"https:\/\/novotel.accorv2prod.decms.eu\/vi\/wp-json\/wp\/v2\/comments?post=922"}],"version-history":[{"count":0,"href":"https:\/\/novotel.accorv2prod.decms.eu\/vi\/wp-json\/wp\/v2\/pages\/922\/revisions"}],"up":[{"embeddable":true,"href":"https:\/\/novotel.accorv2prod.decms.eu\/vi\/wp-json\/wp\/v2\/pages\/920"}],"wp:featuredmedia":[{"embeddable":true,"href":"https:\/\/novotel.accorv2prod.decms.eu\/vi\/wp-json\/wp\/v2\/media\/217"}],"wp:attachment":[{"href":"https:\/\/novotel.accorv2prod.decms.eu\/vi\/wp-json\/wp\/v2\/media?parent=922"}],"wp:term":[{"taxonomy":"category","embeddable":true,"href":"https:\/\/novotel.accorv2prod.decms.eu\/vi\/wp-json\/wp\/v2\/categories?post=922"}],"curies":[{"name":"wp","href":"https:\/\/api.w.org\/{rel}","templated":true}]}}