{"id":935,"date":"2021-07-01T09:42:27","date_gmt":"2021-07-01T09:42:27","guid":{"rendered":"https:\/\/novotel.accorv2prod.decms.eu\/?page_id=935"},"modified":"2022-07-21T09:47:45","modified_gmt":"2022-07-21T09:47:45","slug":"chung-ta-dang-o-dau","status":"publish","type":"page","link":"https:\/\/novotel.accorv2prod.decms.eu\/vi\/chung-ta-dang-o-dau\/","title":{"rendered":"Ch\u00fang ta \u0111ang \u1edf \u0111\u00e2u"},"content":{"rendered":"<p>Nh\u1eefng b\u1ee9c t\u01b0\u1eddng nguy\u00ean s\u01a1 kh\u1eafc h\u1ecda d\u1ea5u \u1ea5n ngh\u1ec7 thu\u1eadt c\u1ee7a m\u1ed9t S\u00e0i G\u00f2n th\u1eddi thu\u1ed9c \u0111\u1ecba trong khi c\u00e1c c\u1eeda s\u1ed5 ho\u00e0nh tr\u00e1ng s\u1ebd m\u1edf ra tr\u01b0\u1edbc m\u1eaft qu\u00fd kh\u00e1ch nh\u1ecbp s\u1ed1ng hi\u1ec7n \u0111\u1ea1i c\u1ee7a th\u00e0nh ph\u1ed1 H\u1ed3 Ch\u00ed Minh ng\u00e0y nV\u1edbi c\u1eeda s\u1ed5 t\u1eeb s\u00e0n nh\u00e0 t\u1edbi tr\u1ea7n, du kh\u00e1ch s\u1ebd \u0111\u01b0\u1ee3c ng\u1eafm nh\u00ecn nh\u1eefng khung c\u1ea3nh ngo\u1ea1n m\u1ee5c, t\u1ef1a nh\u01b0 m\u1ed9t t\u00e1c ph\u1ea9m ngh\u1ec7 thu\u1eadt lu\u00f4n c\u00f3 th\u00eam nhi\u1ec1u n\u00e9t ch\u1ea5m ph\u00e1 v\u00e0 \u0111\u01b0\u1eddng ch\u00e2n tr\u1eddi nh\u01b0 t\u00f4 \u0111i\u1ec3m cho b\u1ee9c tranh \u0111\u1eddi s\u1ed1ng \u0111\u1ea7y<\/p>\n","protected":false},"excerpt":{"rendered":"<p>Nh\u1eefng b\u1ee9c t\u01b0\u1eddng nguy\u00ean s\u01a1 kh\u1eafc h\u1ecda d\u1ea5u \u1ea5n ngh\u1ec7 thu\u1eadt c\u1ee7a m\u1ed9t S\u00e0i G\u00f2n th\u1eddi thu\u1ed9c \u0111\u1ecba trong khi c\u00e1c c\u1eeda s\u1ed5 ho\u00e0nh tr\u00e1ng s\u1ebd m\u1edf ra tr\u01b0\u1edbc m\u1eaft qu\u00fd kh\u00e1ch nh\u1ecbp s\u1ed1ng hi\u1ec7n \u0111\u1ea1i c\u1ee7a th\u00e0nh ph\u1ed1 H\u1ed3 Ch\u00ed Minh ng\u00e0y nV\u1edbi c\u1eeda s\u1ed5 t\u1eeb s\u00e0n nh\u00e0 t\u1edbi tr\u1ea7n, du kh\u00e1ch s\u1ebd \u0111\u01b0\u1ee3c [&hellip;]<\/p>\n","protected":false},"author":2,"featured_media":0,"parent":0,"menu_order":700,"comment_status":"closed","ping_status":"closed","template":"template-location.php","meta":{"footnotes":""},"categories":[],"class_list":["post-935","page","type-page","status-publish","hentry"],"acf":[],"yoast_head":"<!-- This site is optimized with the Yoast SEO plugin v26.9 - https:\/\/yoast.com\/product\/yoast-seo-wordpress\/ -->\n<title>Ch\u00fang ta \u0111ang \u1edf \u0111\u00e2u - Novotel V2 demo site<\/title>\n<meta name=\"robots\" content=\"noindex, follow, max-snippet:-1, max-image-preview:large, max-video-preview:-1\" \/>\n<meta property=\"og:locale\" content=\"vi_VN\" \/>\n<meta property=\"og:type\" content=\"article\" \/>\n<meta property=\"og:title\" content=\"Ch\u00fang ta \u0111ang \u1edf \u0111\u00e2u - Novotel V2 demo site\" \/>\n<meta property=\"og:description\" content=\"Nh\u1eefng b\u1ee9c t\u01b0\u1eddng nguy\u00ean s\u01a1 kh\u1eafc h\u1ecda d\u1ea5u \u1ea5n ngh\u1ec7 thu\u1eadt c\u1ee7a m\u1ed9t S\u00e0i G\u00f2n th\u1eddi thu\u1ed9c \u0111\u1ecba trong khi c\u00e1c c\u1eeda s\u1ed5 ho\u00e0nh tr\u00e1ng s\u1ebd m\u1edf ra tr\u01b0\u1edbc m\u1eaft qu\u00fd kh\u00e1ch nh\u1ecbp s\u1ed1ng hi\u1ec7n \u0111\u1ea1i c\u1ee7a th\u00e0nh ph\u1ed1 H\u1ed3 Ch\u00ed Minh ng\u00e0y nV\u1edbi c\u1eeda s\u1ed5 t\u1eeb s\u00e0n nh\u00e0 t\u1edbi tr\u1ea7n, du kh\u00e1ch s\u1ebd \u0111\u01b0\u1ee3c [&hellip;]\" \/>\n<meta property=\"og:url\" content=\"https:\/\/novotel.accorv2prod.decms.eu\/vi\/chung-ta-dang-o-dau\/\" \/>\n<meta property=\"og:site_name\" content=\"Novotel V2 demo site\" \/>\n<meta property=\"article:modified_time\" content=\"2022-07-21T09:47:45+00:00\" \/>\n<meta name=\"twitter:card\" content=\"summary_large_image\" \/>\n<meta name=\"twitter:label1\" content=\"Est. reading time\" \/>\n\t<meta name=\"twitter:data1\" content=\"1 minute\" \/>\n<script type=\"application\/ld+json\" class=\"yoast-schema-graph\">{\"@context\":\"https:\/\/schema.org\",\"@graph\":[{\"@type\":\"WebPage\",\"@id\":\"https:\/\/novotel.accorv2prod.decms.eu\/vi\/chung-ta-dang-o-dau\/\",\"url\":\"https:\/\/novotel.accorv2prod.decms.eu\/vi\/chung-ta-dang-o-dau\/\",\"name\":\"Ch\u00fang ta \u0111ang \u1edf \u0111\u00e2u - Novotel V2 demo site\",\"isPartOf\":{\"@id\":\"https:\/\/novotel.accorv2prod.decms.eu\/#website\"},\"datePublished\":\"2021-07-01T09:42:27+00:00\",\"dateModified\":\"2022-07-21T09:47:45+00:00\",\"breadcrumb\":{\"@id\":\"https:\/\/novotel.accorv2prod.decms.eu\/vi\/chung-ta-dang-o-dau\/#breadcrumb\"},\"inLanguage\":\"vi-VN\",\"potentialAction\":[{\"@type\":\"ReadAction\",\"target\":[\"https:\/\/novotel.accorv2prod.decms.eu\/vi\/chung-ta-dang-o-dau\/\"]}]},{\"@type\":\"BreadcrumbList\",\"@id\":\"https:\/\/novotel.accorv2prod.decms.eu\/vi\/chung-ta-dang-o-dau\/#breadcrumb\",\"itemListElement\":[{\"@type\":\"ListItem\",\"position\":1,\"name\":\"Home\",\"item\":\"https:\/\/novotel.accorv2prod.decms.eu\/vi\/home\/\"},{\"@type\":\"ListItem\",\"position\":2,\"name\":\"Ch\u00fang ta \u0111ang \u1edf \u0111\u00e2u\"}]},{\"@type\":\"WebSite\",\"@id\":\"https:\/\/novotel.accorv2prod.decms.eu\/#website\",\"url\":\"https:\/\/novotel.accorv2prod.decms.eu\/\",\"name\":\"Novotel V2 demo site\",\"description\":\"Just another Matteo Canever Site Sites site\",\"potentialAction\":[{\"@type\":\"SearchAction\",\"target\":{\"@type\":\"EntryPoint\",\"urlTemplate\":\"https:\/\/novotel.accorv2prod.decms.eu\/?s={search_term_string}\"},\"query-input\":{\"@type\":\"PropertyValueSpecification\",\"valueRequired\":true,\"valueName\":\"search_term_string\"}}],\"inLanguage\":\"vi-VN\"}]}<\/script>\n<!-- \/ Yoast SEO plugin. -->","yoast_head_json":{"title":"Ch\u00fang ta \u0111ang \u1edf \u0111\u00e2u - Novotel V2 demo site","robots":{"index":"noindex","follow":"follow","max-snippet":"max-snippet:-1","max-image-preview":"max-image-preview:large","max-video-preview":"max-video-preview:-1"},"og_locale":"vi_VN","og_type":"article","og_title":"Ch\u00fang ta \u0111ang \u1edf \u0111\u00e2u - Novotel V2 demo site","og_description":"Nh\u1eefng b\u1ee9c t\u01b0\u1eddng nguy\u00ean s\u01a1 kh\u1eafc h\u1ecda d\u1ea5u \u1ea5n ngh\u1ec7 thu\u1eadt c\u1ee7a m\u1ed9t S\u00e0i G\u00f2n th\u1eddi thu\u1ed9c \u0111\u1ecba trong khi c\u00e1c c\u1eeda s\u1ed5 ho\u00e0nh tr\u00e1ng s\u1ebd m\u1edf ra tr\u01b0\u1edbc m\u1eaft qu\u00fd kh\u00e1ch nh\u1ecbp s\u1ed1ng hi\u1ec7n \u0111\u1ea1i c\u1ee7a th\u00e0nh ph\u1ed1 H\u1ed3 Ch\u00ed Minh ng\u00e0y nV\u1edbi c\u1eeda s\u1ed5 t\u1eeb s\u00e0n nh\u00e0 t\u1edbi tr\u1ea7n, du kh\u00e1ch s\u1ebd \u0111\u01b0\u1ee3c [&hellip;]","og_url":"https:\/\/novotel.accorv2prod.decms.eu\/vi\/chung-ta-dang-o-dau\/","og_site_name":"Novotel V2 demo site","article_modified_time":"2022-07-21T09:47:45+00:00","twitter_card":"summary_large_image","twitter_misc":{"Est. reading time":"1 minute"},"schema":{"@context":"https:\/\/schema.org","@graph":[{"@type":"WebPage","@id":"https:\/\/novotel.accorv2prod.decms.eu\/vi\/chung-ta-dang-o-dau\/","url":"https:\/\/novotel.accorv2prod.decms.eu\/vi\/chung-ta-dang-o-dau\/","name":"Ch\u00fang ta \u0111ang \u1edf \u0111\u00e2u - Novotel V2 demo site","isPartOf":{"@id":"https:\/\/novotel.accorv2prod.decms.eu\/#website"},"datePublished":"2021-07-01T09:42:27+00:00","dateModified":"2022-07-21T09:47:45+00:00","breadcrumb":{"@id":"https:\/\/novotel.accorv2prod.decms.eu\/vi\/chung-ta-dang-o-dau\/#breadcrumb"},"inLanguage":"vi-VN","potentialAction":[{"@type":"ReadAction","target":["https:\/\/novotel.accorv2prod.decms.eu\/vi\/chung-ta-dang-o-dau\/"]}]},{"@type":"BreadcrumbList","@id":"https:\/\/novotel.accorv2prod.decms.eu\/vi\/chung-ta-dang-o-dau\/#breadcrumb","itemListElement":[{"@type":"ListItem","position":1,"name":"Home","item":"https:\/\/novotel.accorv2prod.decms.eu\/vi\/home\/"},{"@type":"ListItem","position":2,"name":"Ch\u00fang ta \u0111ang \u1edf \u0111\u00e2u"}]},{"@type":"WebSite","@id":"https:\/\/novotel.accorv2prod.decms.eu\/#website","url":"https:\/\/novotel.accorv2prod.decms.eu\/","name":"Novotel V2 demo site","description":"Just another Matteo Canever Site Sites site","potentialAction":[{"@type":"SearchAction","target":{"@type":"EntryPoint","urlTemplate":"https:\/\/novotel.accorv2prod.decms.eu\/?s={search_term_string}"},"query-input":{"@type":"PropertyValueSpecification","valueRequired":true,"valueName":"search_term_string"}}],"inLanguage":"vi-VN"}]}},"_links":{"self":[{"href":"https:\/\/novotel.accorv2prod.decms.eu\/vi\/wp-json\/wp\/v2\/pages\/935","targetHints":{"allow":["GET"]}}],"collection":[{"href":"https:\/\/novotel.accorv2prod.decms.eu\/vi\/wp-json\/wp\/v2\/pages"}],"about":[{"href":"https:\/\/novotel.accorv2prod.decms.eu\/vi\/wp-json\/wp\/v2\/types\/page"}],"author":[{"embeddable":true,"href":"https:\/\/novotel.accorv2prod.decms.eu\/vi\/wp-json\/wp\/v2\/users\/2"}],"replies":[{"embeddable":true,"href":"https:\/\/novotel.accorv2prod.decms.eu\/vi\/wp-json\/wp\/v2\/comments?post=935"}],"version-history":[{"count":0,"href":"https:\/\/novotel.accorv2prod.decms.eu\/vi\/wp-json\/wp\/v2\/pages\/935\/revisions"}],"wp:attachment":[{"href":"https:\/\/novotel.accorv2prod.decms.eu\/vi\/wp-json\/wp\/v2\/media?parent=935"}],"wp:term":[{"taxonomy":"category","embeddable":true,"href":"https:\/\/novotel.accorv2prod.decms.eu\/vi\/wp-json\/wp\/v2\/categories?post=935"}],"curies":[{"name":"wp","href":"https:\/\/api.w.org\/{rel}","templated":true}]}}