{"id":962,"date":"2021-07-01T14:29:44","date_gmt":"2021-07-01T14:29:44","guid":{"rendered":"https:\/\/novotel.accorv2prod.decms.eu\/?page_id=962"},"modified":"2022-07-27T12:31:19","modified_gmt":"2022-07-27T12:31:19","slug":"tai-xuong-bao-chi-phuong-tien","status":"publish","type":"page","link":"https:\/\/novotel.accorv2prod.decms.eu\/vi\/tai-xuong-bao-chi-phuong-tien\/","title":{"rendered":"T\u1ea3i xu\u1ed1ng b\u00e1o ch\u00ed &#038; ph\u01b0\u01a1ng ti\u1ec7n"},"content":{"rendered":"<p>D\u1ecbch v\u1ee5 kh\u00e1ch h\u00e0ng l\u00e0 r\u1ea5t quan tr\u1ecdng v\u00e0 lu\u00f4n s\u1eb5n s\u00e0ng h\u1ed7 tr\u1ee3 kh\u00e1ch h\u00e0ng. N\u1ed7i s\u1ee3 h\u00e3i c\u1ee7a Aenean v\u1ec1 eros, nh\u01b0ng mong mu\u1ed1n \u0111\u1ea7u t\u01b0 c\u1ee7a anh \u1ea5y, eu m\u1ec1m ng\u00e0y c\u00e0ng t\u0103ng. Ai l\u00e0 ng\u01b0\u1eddi kh\u1ecfi b\u1ec7nh nh\u01b0ng kh\u00f4ng ph\u1ea3i l\u00fac n\u00e0o c\u0169ng c\u00f3 l\u00fac quan tr\u1ecdng l\u00e0 \u0111\u1ea1i ch\u00fang. M\u1ed9t s\u1ed1 ng\u01b0\u1eddi ch\u1eb3ng h\u1ea1n. M\u1ecdi ng\u01b0\u1eddi \u0111\u1ec1u bi\u1ebft n\u1ed7i s\u1ee3 h\u00e3i \u0111\u00f3. Aenean l\u00e0 n\u01a1i \u0111\u1ec3 say, nh\u01b0ng y\u1ebfu t\u1ed1 l\u00e0 th\u1eddi gian.<\/p>\n","protected":false},"excerpt":{"rendered":"<p>D\u1ecbch v\u1ee5 kh\u00e1ch h\u00e0ng l\u00e0 r\u1ea5t quan tr\u1ecdng v\u00e0 lu\u00f4n s\u1eb5n s\u00e0ng h\u1ed7 tr\u1ee3 kh\u00e1ch h\u00e0ng. N\u1ed7i s\u1ee3 h\u00e3i c\u1ee7a Aenean v\u1ec1 eros, nh\u01b0ng mong mu\u1ed1n \u0111\u1ea7u t\u01b0 c\u1ee7a anh \u1ea5y, eu m\u1ec1m ng\u00e0y c\u00e0ng t\u0103ng. Ai l\u00e0 ng\u01b0\u1eddi kh\u1ecfi b\u1ec7nh nh\u01b0ng kh\u00f4ng ph\u1ea3i l\u00fac n\u00e0o c\u0169ng c\u00f3 l\u00fac quan tr\u1ecdng l\u00e0 \u0111\u1ea1i ch\u00fang. M\u1ed9t [&hellip;]<\/p>\n","protected":false},"author":2,"featured_media":0,"parent":0,"menu_order":1100,"comment_status":"closed","ping_status":"closed","template":"template-press.php","meta":{"footnotes":""},"categories":[],"class_list":["post-962","page","type-page","status-publish","hentry"],"acf":[],"yoast_head":"<!-- This site is optimized with the Yoast SEO plugin v26.9 - https:\/\/yoast.com\/product\/yoast-seo-wordpress\/ -->\n<title>T\u1ea3i xu\u1ed1ng b\u00e1o ch\u00ed &amp; ph\u01b0\u01a1ng ti\u1ec7n - Novotel V2 demo site<\/title>\n<meta name=\"robots\" content=\"noindex, follow, max-snippet:-1, max-image-preview:large, max-video-preview:-1\" \/>\n<meta property=\"og:locale\" content=\"vi_VN\" \/>\n<meta property=\"og:type\" content=\"article\" \/>\n<meta property=\"og:title\" content=\"T\u1ea3i xu\u1ed1ng b\u00e1o ch\u00ed &amp; ph\u01b0\u01a1ng ti\u1ec7n - Novotel V2 demo site\" \/>\n<meta property=\"og:description\" content=\"D\u1ecbch v\u1ee5 kh\u00e1ch h\u00e0ng l\u00e0 r\u1ea5t quan tr\u1ecdng v\u00e0 lu\u00f4n s\u1eb5n s\u00e0ng h\u1ed7 tr\u1ee3 kh\u00e1ch h\u00e0ng. N\u1ed7i s\u1ee3 h\u00e3i c\u1ee7a Aenean v\u1ec1 eros, nh\u01b0ng mong mu\u1ed1n \u0111\u1ea7u t\u01b0 c\u1ee7a anh \u1ea5y, eu m\u1ec1m ng\u00e0y c\u00e0ng t\u0103ng. Ai l\u00e0 ng\u01b0\u1eddi kh\u1ecfi b\u1ec7nh nh\u01b0ng kh\u00f4ng ph\u1ea3i l\u00fac n\u00e0o c\u0169ng c\u00f3 l\u00fac quan tr\u1ecdng l\u00e0 \u0111\u1ea1i ch\u00fang. M\u1ed9t [&hellip;]\" \/>\n<meta property=\"og:url\" content=\"https:\/\/novotel.accorv2prod.decms.eu\/vi\/tai-xuong-bao-chi-phuong-tien\/\" \/>\n<meta property=\"og:site_name\" content=\"Novotel V2 demo site\" \/>\n<meta property=\"article:modified_time\" content=\"2022-07-27T12:31:19+00:00\" \/>\n<meta name=\"twitter:card\" content=\"summary_large_image\" \/>\n<meta name=\"twitter:label1\" content=\"Est. reading time\" \/>\n\t<meta name=\"twitter:data1\" content=\"1 minute\" \/>\n<script type=\"application\/ld+json\" class=\"yoast-schema-graph\">{\"@context\":\"https:\/\/schema.org\",\"@graph\":[{\"@type\":\"WebPage\",\"@id\":\"https:\/\/novotel.accorv2prod.decms.eu\/vi\/tai-xuong-bao-chi-phuong-tien\/\",\"url\":\"https:\/\/novotel.accorv2prod.decms.eu\/vi\/tai-xuong-bao-chi-phuong-tien\/\",\"name\":\"T\u1ea3i xu\u1ed1ng b\u00e1o ch\u00ed & ph\u01b0\u01a1ng ti\u1ec7n - Novotel V2 demo site\",\"isPartOf\":{\"@id\":\"https:\/\/novotel.accorv2prod.decms.eu\/#website\"},\"datePublished\":\"2021-07-01T14:29:44+00:00\",\"dateModified\":\"2022-07-27T12:31:19+00:00\",\"breadcrumb\":{\"@id\":\"https:\/\/novotel.accorv2prod.decms.eu\/vi\/tai-xuong-bao-chi-phuong-tien\/#breadcrumb\"},\"inLanguage\":\"vi-VN\",\"potentialAction\":[{\"@type\":\"ReadAction\",\"target\":[\"https:\/\/novotel.accorv2prod.decms.eu\/vi\/tai-xuong-bao-chi-phuong-tien\/\"]}]},{\"@type\":\"BreadcrumbList\",\"@id\":\"https:\/\/novotel.accorv2prod.decms.eu\/vi\/tai-xuong-bao-chi-phuong-tien\/#breadcrumb\",\"itemListElement\":[{\"@type\":\"ListItem\",\"position\":1,\"name\":\"Home\",\"item\":\"https:\/\/novotel.accorv2prod.decms.eu\/vi\/home\/\"},{\"@type\":\"ListItem\",\"position\":2,\"name\":\"T\u1ea3i xu\u1ed1ng b\u00e1o ch\u00ed &#038; ph\u01b0\u01a1ng ti\u1ec7n\"}]},{\"@type\":\"WebSite\",\"@id\":\"https:\/\/novotel.accorv2prod.decms.eu\/#website\",\"url\":\"https:\/\/novotel.accorv2prod.decms.eu\/\",\"name\":\"Novotel V2 demo site\",\"description\":\"Just another Matteo Canever Site Sites site\",\"potentialAction\":[{\"@type\":\"SearchAction\",\"target\":{\"@type\":\"EntryPoint\",\"urlTemplate\":\"https:\/\/novotel.accorv2prod.decms.eu\/?s={search_term_string}\"},\"query-input\":{\"@type\":\"PropertyValueSpecification\",\"valueRequired\":true,\"valueName\":\"search_term_string\"}}],\"inLanguage\":\"vi-VN\"}]}<\/script>\n<!-- \/ Yoast SEO plugin. -->","yoast_head_json":{"title":"T\u1ea3i xu\u1ed1ng b\u00e1o ch\u00ed & ph\u01b0\u01a1ng ti\u1ec7n - Novotel V2 demo site","robots":{"index":"noindex","follow":"follow","max-snippet":"max-snippet:-1","max-image-preview":"max-image-preview:large","max-video-preview":"max-video-preview:-1"},"og_locale":"vi_VN","og_type":"article","og_title":"T\u1ea3i xu\u1ed1ng b\u00e1o ch\u00ed & ph\u01b0\u01a1ng ti\u1ec7n - Novotel V2 demo site","og_description":"D\u1ecbch v\u1ee5 kh\u00e1ch h\u00e0ng l\u00e0 r\u1ea5t quan tr\u1ecdng v\u00e0 lu\u00f4n s\u1eb5n s\u00e0ng h\u1ed7 tr\u1ee3 kh\u00e1ch h\u00e0ng. N\u1ed7i s\u1ee3 h\u00e3i c\u1ee7a Aenean v\u1ec1 eros, nh\u01b0ng mong mu\u1ed1n \u0111\u1ea7u t\u01b0 c\u1ee7a anh \u1ea5y, eu m\u1ec1m ng\u00e0y c\u00e0ng t\u0103ng. Ai l\u00e0 ng\u01b0\u1eddi kh\u1ecfi b\u1ec7nh nh\u01b0ng kh\u00f4ng ph\u1ea3i l\u00fac n\u00e0o c\u0169ng c\u00f3 l\u00fac quan tr\u1ecdng l\u00e0 \u0111\u1ea1i ch\u00fang. M\u1ed9t [&hellip;]","og_url":"https:\/\/novotel.accorv2prod.decms.eu\/vi\/tai-xuong-bao-chi-phuong-tien\/","og_site_name":"Novotel V2 demo site","article_modified_time":"2022-07-27T12:31:19+00:00","twitter_card":"summary_large_image","twitter_misc":{"Est. reading time":"1 minute"},"schema":{"@context":"https:\/\/schema.org","@graph":[{"@type":"WebPage","@id":"https:\/\/novotel.accorv2prod.decms.eu\/vi\/tai-xuong-bao-chi-phuong-tien\/","url":"https:\/\/novotel.accorv2prod.decms.eu\/vi\/tai-xuong-bao-chi-phuong-tien\/","name":"T\u1ea3i xu\u1ed1ng b\u00e1o ch\u00ed & ph\u01b0\u01a1ng ti\u1ec7n - Novotel V2 demo site","isPartOf":{"@id":"https:\/\/novotel.accorv2prod.decms.eu\/#website"},"datePublished":"2021-07-01T14:29:44+00:00","dateModified":"2022-07-27T12:31:19+00:00","breadcrumb":{"@id":"https:\/\/novotel.accorv2prod.decms.eu\/vi\/tai-xuong-bao-chi-phuong-tien\/#breadcrumb"},"inLanguage":"vi-VN","potentialAction":[{"@type":"ReadAction","target":["https:\/\/novotel.accorv2prod.decms.eu\/vi\/tai-xuong-bao-chi-phuong-tien\/"]}]},{"@type":"BreadcrumbList","@id":"https:\/\/novotel.accorv2prod.decms.eu\/vi\/tai-xuong-bao-chi-phuong-tien\/#breadcrumb","itemListElement":[{"@type":"ListItem","position":1,"name":"Home","item":"https:\/\/novotel.accorv2prod.decms.eu\/vi\/home\/"},{"@type":"ListItem","position":2,"name":"T\u1ea3i xu\u1ed1ng b\u00e1o ch\u00ed &#038; ph\u01b0\u01a1ng ti\u1ec7n"}]},{"@type":"WebSite","@id":"https:\/\/novotel.accorv2prod.decms.eu\/#website","url":"https:\/\/novotel.accorv2prod.decms.eu\/","name":"Novotel V2 demo site","description":"Just another Matteo Canever Site Sites site","potentialAction":[{"@type":"SearchAction","target":{"@type":"EntryPoint","urlTemplate":"https:\/\/novotel.accorv2prod.decms.eu\/?s={search_term_string}"},"query-input":{"@type":"PropertyValueSpecification","valueRequired":true,"valueName":"search_term_string"}}],"inLanguage":"vi-VN"}]}},"_links":{"self":[{"href":"https:\/\/novotel.accorv2prod.decms.eu\/vi\/wp-json\/wp\/v2\/pages\/962","targetHints":{"allow":["GET"]}}],"collection":[{"href":"https:\/\/novotel.accorv2prod.decms.eu\/vi\/wp-json\/wp\/v2\/pages"}],"about":[{"href":"https:\/\/novotel.accorv2prod.decms.eu\/vi\/wp-json\/wp\/v2\/types\/page"}],"author":[{"embeddable":true,"href":"https:\/\/novotel.accorv2prod.decms.eu\/vi\/wp-json\/wp\/v2\/users\/2"}],"replies":[{"embeddable":true,"href":"https:\/\/novotel.accorv2prod.decms.eu\/vi\/wp-json\/wp\/v2\/comments?post=962"}],"version-history":[{"count":0,"href":"https:\/\/novotel.accorv2prod.decms.eu\/vi\/wp-json\/wp\/v2\/pages\/962\/revisions"}],"wp:attachment":[{"href":"https:\/\/novotel.accorv2prod.decms.eu\/vi\/wp-json\/wp\/v2\/media?parent=962"}],"wp:term":[{"taxonomy":"category","embeddable":true,"href":"https:\/\/novotel.accorv2prod.decms.eu\/vi\/wp-json\/wp\/v2\/categories?post=962"}],"curies":[{"name":"wp","href":"https:\/\/api.w.org\/{rel}","templated":true}]}}